{"id":1235,"date":"2024-07-06T14:50:00","date_gmt":"2024-07-06T17:50:00","guid":{"rendered":"https:\/\/cinemovimenta.com.br\/centro\/?page_id=1235"},"modified":"2025-09-02T21:18:05","modified_gmt":"2025-09-03T00:18:05","slug":"locais","status":"publish","type":"page","link":"https:\/\/mostracineconquista.com.br\/site\/locais\/","title":{"rendered":"Locais"},"content":{"rendered":"\t\t<div data-elementor-type=\"wp-page\" data-elementor-id=\"1235\" class=\"elementor elementor-1235\" data-elementor-post-type=\"page\">\n\t\t\t\t<div class=\"elementor-element elementor-element-cb367d8 e-con-full e-flex e-con e-parent\" data-id=\"cb367d8\" data-element_type=\"container\" data-settings=\"{&quot;background_background&quot;:&quot;classic&quot;,&quot;jet_parallax_layout_list&quot;:[]}\">\n\t\t<div class=\"elementor-element elementor-element-93271ed e-flex e-con-boxed e-con e-child\" data-id=\"93271ed\" data-element_type=\"container\" data-settings=\"{&quot;jet_parallax_layout_list&quot;:[]}\">\n\t\t\t\t\t<div class=\"e-con-inner\">\n\t\t\t\t<div class=\"elementor-element elementor-element-6b382f4 elementor-widget elementor-widget-heading\" data-id=\"6b382f4\" data-element_type=\"widget\" data-widget_type=\"heading.default\">\n\t\t\t\t<div class=\"elementor-widget-container\">\n\t\t\t\t\t<h2 class=\"elementor-heading-title elementor-size-default\">LOCAIS<\/h2>\t\t\t\t<\/div>\n\t\t\t\t<\/div>\n\t\t\t\t\t<\/div>\n\t\t\t\t<\/div>\n\t\t\t\t<\/div>\n\t\t<div class=\"elementor-element elementor-element-163693e e-con-full e-flex e-con e-parent\" data-id=\"163693e\" data-element_type=\"container\" data-settings=\"{&quot;background_background&quot;:&quot;classic&quot;,&quot;jet_parallax_layout_list&quot;:[]}\">\n\t\t<div class=\"elementor-element elementor-element-7941399 e-flex e-con-boxed e-con e-child\" data-id=\"7941399\" data-element_type=\"container\" data-settings=\"{&quot;jet_parallax_layout_list&quot;:[]}\">\n\t\t\t\t\t<div class=\"e-con-inner\">\n\t\t\t\t<div class=\"elementor-element elementor-element-aea7d9c elementor-widget elementor-widget-heading\" data-id=\"aea7d9c\" data-element_type=\"widget\" data-widget_type=\"heading.default\">\n\t\t\t\t<div class=\"elementor-widget-container\">\n\t\t\t\t\t<h2 class=\"elementor-heading-title elementor-size-default\">Centro de Cultura Camillo de Jesus Lima<\/h2>\t\t\t\t<\/div>\n\t\t\t\t<\/div>\n\t\t\t\t<div class=\"elementor-element elementor-element-2b7eb91 elementor-icon-list--layout-traditional elementor-list-item-link-full_width elementor-widget elementor-widget-icon-list\" data-id=\"2b7eb91\" data-element_type=\"widget\" data-widget_type=\"icon-list.default\">\n\t\t\t\t<div class=\"elementor-widget-container\">\n\t\t\t\t\t\t\t<ul class=\"elementor-icon-list-items\">\n\t\t\t\t\t\t\t<li class=\"elementor-icon-list-item\">\n\t\t\t\t\t\t\t\t\t\t\t<span class=\"elementor-icon-list-icon\">\n\t\t\t\t\t\t\t<svg aria-hidden=\"true\" class=\"e-font-icon-svg e-fas-map-marker-alt\" viewBox=\"0 0 384 512\" xmlns=\"http:\/\/www.w3.org\/2000\/svg\"><path d=\"M172.268 501.67C26.97 291.031 0 269.413 0 192 0 85.961 85.961 0 192 0s192 85.961 192 192c0 77.413-26.97 99.031-172.268 309.67-9.535 13.774-29.93 13.773-39.464 0zM192 272c44.183 0 80-35.817 80-80s-35.817-80-80-80-80 35.817-80 80 35.817 80 80 80z\"><\/path><\/svg>\t\t\t\t\t\t<\/span>\n\t\t\t\t\t\t\t\t\t\t<span class=\"elementor-icon-list-text\">Avenida Rosa Cruz, 45 - Bairro Recreio, Vit\u00f3ria da Conquista - BA<\/span>\n\t\t\t\t\t\t\t\t\t<\/li>\n\t\t\t\t\t\t<\/ul>\n\t\t\t\t\t\t<\/div>\n\t\t\t\t<\/div>\n\t\t\t\t\t<\/div>\n\t\t\t\t<\/div>\n\t\t\t\t<\/div>\n\t\t<div class=\"elementor-element elementor-element-463cc84 e-con-full e-flex e-con e-parent\" data-id=\"463cc84\" data-element_type=\"container\" data-settings=\"{&quot;background_background&quot;:&quot;classic&quot;,&quot;jet_parallax_layout_list&quot;:[]}\">\n\t\t<div class=\"elementor-element elementor-element-08ee360 e-flex e-con-boxed e-con e-child\" data-id=\"08ee360\" data-element_type=\"container\" data-settings=\"{&quot;jet_parallax_layout_list&quot;:[]}\">\n\t\t\t\t\t<div class=\"e-con-inner\">\n\t\t\t\t<div class=\"elementor-element elementor-element-2177f2d elementor-widget elementor-widget-heading\" data-id=\"2177f2d\" data-element_type=\"widget\" data-widget_type=\"heading.default\">\n\t\t\t\t<div class=\"elementor-widget-container\">\n\t\t\t\t\t<h2 class=\"elementor-heading-title elementor-size-default\">Pra\u00e7a CEUs J. Murilo<\/h2>\t\t\t\t<\/div>\n\t\t\t\t<\/div>\n\t\t\t\t<div class=\"elementor-element elementor-element-c509afd elementor-icon-list--layout-traditional elementor-list-item-link-full_width elementor-widget elementor-widget-icon-list\" data-id=\"c509afd\" data-element_type=\"widget\" data-widget_type=\"icon-list.default\">\n\t\t\t\t<div class=\"elementor-widget-container\">\n\t\t\t\t\t\t\t<ul class=\"elementor-icon-list-items\">\n\t\t\t\t\t\t\t<li class=\"elementor-icon-list-item\">\n\t\t\t\t\t\t\t\t\t\t\t<span class=\"elementor-icon-list-icon\">\n\t\t\t\t\t\t\t<svg aria-hidden=\"true\" class=\"e-font-icon-svg e-fas-map-marker-alt\" viewBox=\"0 0 384 512\" xmlns=\"http:\/\/www.w3.org\/2000\/svg\"><path d=\"M172.268 501.67C26.97 291.031 0 269.413 0 192 0 85.961 85.961 0 192 0s192 85.961 192 192c0 77.413-26.97 99.031-172.268 309.67-9.535 13.774-29.93 13.773-39.464 0zM192 272c44.183 0 80-35.817 80-80s-35.817-80-80-80-80 35.817-80 80 35.817 80 80 80z\"><\/path><\/svg>\t\t\t\t\t\t<\/span>\n\t\t\t\t\t\t\t\t\t\t<span class=\"elementor-icon-list-text\">R. Joana Ang\u00e9lica, S\/n - Alto Maron, Vit\u00f3ria da Conquista - BA,<\/span>\n\t\t\t\t\t\t\t\t\t<\/li>\n\t\t\t\t\t\t<\/ul>\n\t\t\t\t\t\t<\/div>\n\t\t\t\t<\/div>\n\t\t\t\t\t<\/div>\n\t\t\t\t<\/div>\n\t\t\t\t<\/div>\n\t\t<div class=\"elementor-element elementor-element-917946e e-con-full e-flex e-con e-parent\" data-id=\"917946e\" data-element_type=\"container\" data-settings=\"{&quot;background_background&quot;:&quot;classic&quot;,&quot;jet_parallax_layout_list&quot;:[]}\">\n\t\t<div class=\"elementor-element elementor-element-d19daa7 e-flex e-con-boxed e-con e-child\" data-id=\"d19daa7\" data-element_type=\"container\" data-settings=\"{&quot;jet_parallax_layout_list&quot;:[]}\">\n\t\t\t\t\t<div class=\"e-con-inner\">\n\t\t\t\t<div class=\"elementor-element elementor-element-f3fa676 elementor-widget elementor-widget-heading\" data-id=\"f3fa676\" data-element_type=\"widget\" data-widget_type=\"heading.default\">\n\t\t\t\t<div class=\"elementor-widget-container\">\n\t\t\t\t\t<h2 class=\"elementor-heading-title elementor-size-default\">ESCOLAS MUNICIPAIS<\/h2>\t\t\t\t<\/div>\n\t\t\t\t<\/div>\n\t\t\t\t<div class=\"elementor-element elementor-element-8fdc74a elementor-widget elementor-widget-heading\" data-id=\"8fdc74a\" data-element_type=\"widget\" data-widget_type=\"heading.default\">\n\t\t\t\t<div class=\"elementor-widget-container\">\n\t\t\t\t\t<h2 class=\"elementor-heading-title elementor-size-default\">Escola Municipal Eur\u00edpedes Peri Rosa (Bate-P\u00e9)<\/h2>\t\t\t\t<\/div>\n\t\t\t\t<\/div>\n\t\t\t\t<div class=\"elementor-element elementor-element-d100abe elementor-icon-list--layout-traditional elementor-list-item-link-full_width elementor-widget elementor-widget-icon-list\" data-id=\"d100abe\" data-element_type=\"widget\" data-widget_type=\"icon-list.default\">\n\t\t\t\t<div class=\"elementor-widget-container\">\n\t\t\t\t\t\t\t<ul class=\"elementor-icon-list-items\">\n\t\t\t\t\t\t\t<li class=\"elementor-icon-list-item\">\n\t\t\t\t\t\t\t\t\t\t\t<span class=\"elementor-icon-list-icon\">\n\t\t\t\t\t\t\t<svg aria-hidden=\"true\" class=\"e-font-icon-svg e-fas-map-marker-alt\" viewBox=\"0 0 384 512\" xmlns=\"http:\/\/www.w3.org\/2000\/svg\"><path d=\"M172.268 501.67C26.97 291.031 0 269.413 0 192 0 85.961 85.961 0 192 0s192 85.961 192 192c0 77.413-26.97 99.031-172.268 309.67-9.535 13.774-29.93 13.773-39.464 0zM192 272c44.183 0 80-35.817 80-80s-35.817-80-80-80-80 35.817-80 80 35.817 80 80 80z\"><\/path><\/svg>\t\t\t\t\t\t<\/span>\n\t\t\t\t\t\t\t\t\t\t<span class=\"elementor-icon-list-text\">Bate-P\u00e9, Vit\u00f3ria da Conquista - BA<\/span>\n\t\t\t\t\t\t\t\t\t<\/li>\n\t\t\t\t\t\t<\/ul>\n\t\t\t\t\t\t<\/div>\n\t\t\t\t<\/div>\n\t\t\t\t\t<\/div>\n\t\t\t\t<\/div>\n\t\t\t\t<\/div>\n\t\t<div class=\"elementor-element elementor-element-b58e462 e-con-full e-flex e-con e-parent\" data-id=\"b58e462\" data-element_type=\"container\" data-settings=\"{&quot;background_background&quot;:&quot;classic&quot;,&quot;jet_parallax_layout_list&quot;:[]}\">\n\t\t<div class=\"elementor-element elementor-element-df82e52 e-flex e-con-boxed e-con e-child\" data-id=\"df82e52\" data-element_type=\"container\" data-settings=\"{&quot;jet_parallax_layout_list&quot;:[]}\">\n\t\t\t\t\t<div class=\"e-con-inner\">\n\t\t\t\t<div class=\"elementor-element elementor-element-e3e2ef1 elementor-widget elementor-widget-heading\" data-id=\"e3e2ef1\" data-element_type=\"widget\" data-widget_type=\"heading.default\">\n\t\t\t\t<div class=\"elementor-widget-container\">\n\t\t\t\t\t<h2 class=\"elementor-heading-title elementor-size-default\">Escola Municipal Maria Leal (Capinal)<\/h2>\t\t\t\t<\/div>\n\t\t\t\t<\/div>\n\t\t\t\t<div class=\"elementor-element elementor-element-1891cc4 elementor-icon-list--layout-traditional elementor-list-item-link-full_width elementor-widget elementor-widget-icon-list\" data-id=\"1891cc4\" data-element_type=\"widget\" data-widget_type=\"icon-list.default\">\n\t\t\t\t<div class=\"elementor-widget-container\">\n\t\t\t\t\t\t\t<ul class=\"elementor-icon-list-items\">\n\t\t\t\t\t\t\t<li class=\"elementor-icon-list-item\">\n\t\t\t\t\t\t\t\t\t\t\t<span class=\"elementor-icon-list-icon\">\n\t\t\t\t\t\t\t<svg aria-hidden=\"true\" class=\"e-font-icon-svg e-fas-map-marker-alt\" viewBox=\"0 0 384 512\" xmlns=\"http:\/\/www.w3.org\/2000\/svg\"><path d=\"M172.268 501.67C26.97 291.031 0 269.413 0 192 0 85.961 85.961 0 192 0s192 85.961 192 192c0 77.413-26.97 99.031-172.268 309.67-9.535 13.774-29.93 13.773-39.464 0zM192 272c44.183 0 80-35.817 80-80s-35.817-80-80-80-80 35.817-80 80 35.817 80 80 80z\"><\/path><\/svg>\t\t\t\t\t\t<\/span>\n\t\t\t\t\t\t\t\t\t\t<span class=\"elementor-icon-list-text\">Capinal, Vit\u00f3ria da Conquista - BA<\/span>\n\t\t\t\t\t\t\t\t\t<\/li>\n\t\t\t\t\t\t<\/ul>\n\t\t\t\t\t\t<\/div>\n\t\t\t\t<\/div>\n\t\t\t\t\t<\/div>\n\t\t\t\t<\/div>\n\t\t\t\t<\/div>\n\t\t<div class=\"elementor-element elementor-element-47201e9 e-con-full e-flex e-con e-parent\" data-id=\"47201e9\" data-element_type=\"container\" data-settings=\"{&quot;background_background&quot;:&quot;classic&quot;,&quot;jet_parallax_layout_list&quot;:[]}\">\n\t\t<div class=\"elementor-element elementor-element-f771bcf e-flex e-con-boxed e-con e-child\" data-id=\"f771bcf\" data-element_type=\"container\" data-settings=\"{&quot;jet_parallax_layout_list&quot;:[]}\">\n\t\t\t\t\t<div class=\"e-con-inner\">\n\t\t\t\t<div class=\"elementor-element elementor-element-37928f0 elementor-widget elementor-widget-heading\" data-id=\"37928f0\" data-element_type=\"widget\" data-widget_type=\"heading.default\">\n\t\t\t\t<div class=\"elementor-widget-container\">\n\t\t\t\t\t<h2 class=\"elementor-heading-title elementor-size-default\">Centro Educacional Mois\u00e9s Meira (Jos\u00e9 Gon\u00e7alves)<\/h2>\t\t\t\t<\/div>\n\t\t\t\t<\/div>\n\t\t\t\t<div class=\"elementor-element elementor-element-164139a elementor-icon-list--layout-traditional elementor-list-item-link-full_width elementor-widget elementor-widget-icon-list\" data-id=\"164139a\" data-element_type=\"widget\" data-widget_type=\"icon-list.default\">\n\t\t\t\t<div class=\"elementor-widget-container\">\n\t\t\t\t\t\t\t<ul class=\"elementor-icon-list-items\">\n\t\t\t\t\t\t\t<li class=\"elementor-icon-list-item\">\n\t\t\t\t\t\t\t\t\t\t\t<span class=\"elementor-icon-list-icon\">\n\t\t\t\t\t\t\t<svg aria-hidden=\"true\" class=\"e-font-icon-svg e-fas-map-marker-alt\" viewBox=\"0 0 384 512\" xmlns=\"http:\/\/www.w3.org\/2000\/svg\"><path d=\"M172.268 501.67C26.97 291.031 0 269.413 0 192 0 85.961 85.961 0 192 0s192 85.961 192 192c0 77.413-26.97 99.031-172.268 309.67-9.535 13.774-29.93 13.773-39.464 0zM192 272c44.183 0 80-35.817 80-80s-35.817-80-80-80-80 35.817-80 80 35.817 80 80 80z\"><\/path><\/svg>\t\t\t\t\t\t<\/span>\n\t\t\t\t\t\t\t\t\t\t<span class=\"elementor-icon-list-text\">Jos\u00e9 Gon\u00e7alves, Vit\u00f3ria da Conquista - BA<\/span>\n\t\t\t\t\t\t\t\t\t<\/li>\n\t\t\t\t\t\t<\/ul>\n\t\t\t\t\t\t<\/div>\n\t\t\t\t<\/div>\n\t\t\t\t\t<\/div>\n\t\t\t\t<\/div>\n\t\t\t\t<\/div>\n\t\t<div class=\"elementor-element elementor-element-b012e8a e-con-full e-flex e-con e-parent\" data-id=\"b012e8a\" data-element_type=\"container\" data-settings=\"{&quot;background_background&quot;:&quot;classic&quot;,&quot;jet_parallax_layout_list&quot;:[]}\">\n\t\t<div class=\"elementor-element elementor-element-110289f e-flex e-con-boxed e-con e-child\" data-id=\"110289f\" data-element_type=\"container\" data-settings=\"{&quot;jet_parallax_layout_list&quot;:[]}\">\n\t\t\t\t\t<div class=\"e-con-inner\">\n\t\t\t\t<div class=\"elementor-element elementor-element-38e6853 elementor-widget elementor-widget-heading\" data-id=\"38e6853\" data-element_type=\"widget\" data-widget_type=\"heading.default\">\n\t\t\t\t<div class=\"elementor-widget-container\">\n\t\t\t\t\t<h2 class=\"elementor-heading-title elementor-size-default\">Escola Municipal Jos\u00e9 Rodrigues do Prado (Pradoso)<\/h2>\t\t\t\t<\/div>\n\t\t\t\t<\/div>\n\t\t\t\t<div class=\"elementor-element elementor-element-0582925 elementor-icon-list--layout-traditional elementor-list-item-link-full_width elementor-widget elementor-widget-icon-list\" data-id=\"0582925\" data-element_type=\"widget\" data-widget_type=\"icon-list.default\">\n\t\t\t\t<div class=\"elementor-widget-container\">\n\t\t\t\t\t\t\t<ul class=\"elementor-icon-list-items\">\n\t\t\t\t\t\t\t<li class=\"elementor-icon-list-item\">\n\t\t\t\t\t\t\t\t\t\t\t<span class=\"elementor-icon-list-icon\">\n\t\t\t\t\t\t\t<svg aria-hidden=\"true\" class=\"e-font-icon-svg e-fas-map-marker-alt\" viewBox=\"0 0 384 512\" xmlns=\"http:\/\/www.w3.org\/2000\/svg\"><path d=\"M172.268 501.67C26.97 291.031 0 269.413 0 192 0 85.961 85.961 0 192 0s192 85.961 192 192c0 77.413-26.97 99.031-172.268 309.67-9.535 13.774-29.93 13.773-39.464 0zM192 272c44.183 0 80-35.817 80-80s-35.817-80-80-80-80 35.817-80 80 35.817 80 80 80z\"><\/path><\/svg>\t\t\t\t\t\t<\/span>\n\t\t\t\t\t\t\t\t\t\t<span class=\"elementor-icon-list-text\">Pradoso, Vit\u00f3ria da Conquista - BA<\/span>\n\t\t\t\t\t\t\t\t\t<\/li>\n\t\t\t\t\t\t<\/ul>\n\t\t\t\t\t\t<\/div>\n\t\t\t\t<\/div>\n\t\t\t\t\t<\/div>\n\t\t\t\t<\/div>\n\t\t\t\t<\/div>\n\t\t<div class=\"elementor-element elementor-element-234dcf9 e-con-full e-flex e-con e-parent\" data-id=\"234dcf9\" data-element_type=\"container\" data-settings=\"{&quot;background_background&quot;:&quot;classic&quot;,&quot;jet_parallax_layout_list&quot;:[]}\">\n\t\t<div class=\"elementor-element elementor-element-94b4d86 e-flex e-con-boxed e-con e-child\" data-id=\"94b4d86\" data-element_type=\"container\" data-settings=\"{&quot;jet_parallax_layout_list&quot;:[]}\">\n\t\t\t\t\t<div class=\"e-con-inner\">\n\t\t\t\t<div class=\"elementor-element elementor-element-635b4da elementor-widget elementor-widget-heading\" data-id=\"635b4da\" data-element_type=\"widget\" data-widget_type=\"heading.default\">\n\t\t\t\t<div class=\"elementor-widget-container\">\n\t\t\t\t\t<h2 class=\"elementor-heading-title elementor-size-default\">Escola Municipal Domingos de Oliveira (Limeira)<\/h2>\t\t\t\t<\/div>\n\t\t\t\t<\/div>\n\t\t\t\t<div class=\"elementor-element elementor-element-dcbd9a5 elementor-icon-list--layout-traditional elementor-list-item-link-full_width elementor-widget elementor-widget-icon-list\" data-id=\"dcbd9a5\" data-element_type=\"widget\" data-widget_type=\"icon-list.default\">\n\t\t\t\t<div class=\"elementor-widget-container\">\n\t\t\t\t\t\t\t<ul class=\"elementor-icon-list-items\">\n\t\t\t\t\t\t\t<li class=\"elementor-icon-list-item\">\n\t\t\t\t\t\t\t\t\t\t\t<span class=\"elementor-icon-list-icon\">\n\t\t\t\t\t\t\t<svg aria-hidden=\"true\" class=\"e-font-icon-svg e-fas-map-marker-alt\" viewBox=\"0 0 384 512\" xmlns=\"http:\/\/www.w3.org\/2000\/svg\"><path d=\"M172.268 501.67C26.97 291.031 0 269.413 0 192 0 85.961 85.961 0 192 0s192 85.961 192 192c0 77.413-26.97 99.031-172.268 309.67-9.535 13.774-29.93 13.773-39.464 0zM192 272c44.183 0 80-35.817 80-80s-35.817-80-80-80-80 35.817-80 80 35.817 80 80 80z\"><\/path><\/svg>\t\t\t\t\t\t<\/span>\n\t\t\t\t\t\t\t\t\t\t<span class=\"elementor-icon-list-text\">Limeira, Vit\u00f3ria da Conquista - BA<\/span>\n\t\t\t\t\t\t\t\t\t<\/li>\n\t\t\t\t\t\t<\/ul>\n\t\t\t\t\t\t<\/div>\n\t\t\t\t<\/div>\n\t\t\t\t\t<\/div>\n\t\t\t\t<\/div>\n\t\t\t\t<\/div>\n\t\t\t\t<\/div>\n\t\t","protected":false},"excerpt":{"rendered":"<p>LOCAIS Centro de Cultura Camillo de Jesus Lima Avenida Rosa Cruz, 45 &#8211; Bairro Recreio, Vit\u00f3ria da Conquista &#8211; BA Pra\u00e7a CEUs J. Murilo R. Joana Ang\u00e9lica, S\/n &#8211; Alto Maron, Vit\u00f3ria da Conquista &#8211; BA, ESCOLAS MUNICIPAIS Escola Municipal Eur\u00edpedes Peri Rosa (Bate-P\u00e9) Bate-P\u00e9, Vit\u00f3ria da Conquista &#8211; BA Escola Municipal Maria Leal (Capinal) [&hellip;]<\/p>\n","protected":false},"author":1,"featured_media":0,"parent":0,"menu_order":0,"comment_status":"closed","ping_status":"closed","template":"elementor_header_footer","meta":{"footnotes":""},"class_list":["post-1235","page","type-page","status-publish","hentry"],"yoast_head":"<!-- This site is optimized with the Yoast SEO plugin v25.8 - https:\/\/yoast.com\/wordpress\/plugins\/seo\/ -->\n<title>Locais - Mostra Cine Conquista<\/title>\n<meta name=\"robots\" content=\"index, follow, max-snippet:-1, max-image-preview:large, max-video-preview:-1\" \/>\n<link rel=\"canonical\" href=\"https:\/\/mostracineconquista.com.br\/site\/locais\/\" \/>\n<meta property=\"og:locale\" content=\"pt_BR\" \/>\n<meta property=\"og:type\" content=\"article\" \/>\n<meta property=\"og:title\" content=\"Locais - Mostra Cine Conquista\" \/>\n<meta property=\"og:description\" content=\"LOCAIS Centro de Cultura Camillo de Jesus Lima Avenida Rosa Cruz, 45 &#8211; Bairro Recreio, Vit\u00f3ria da Conquista &#8211; BA Pra\u00e7a CEUs J. Murilo R. Joana Ang\u00e9lica, S\/n &#8211; Alto Maron, Vit\u00f3ria da Conquista &#8211; BA, ESCOLAS MUNICIPAIS Escola Municipal Eur\u00edpedes Peri Rosa (Bate-P\u00e9) Bate-P\u00e9, Vit\u00f3ria da Conquista &#8211; BA Escola Municipal Maria Leal (Capinal) [&hellip;]\" \/>\n<meta property=\"og:url\" content=\"https:\/\/mostracineconquista.com.br\/site\/locais\/\" \/>\n<meta property=\"og:site_name\" content=\"Mostra Cine Conquista\" \/>\n<meta property=\"article:modified_time\" content=\"2025-09-03T00:18:05+00:00\" \/>\n<meta name=\"twitter:card\" content=\"summary_large_image\" \/>\n<meta name=\"twitter:label1\" content=\"Est. tempo de leitura\" \/>\n\t<meta name=\"twitter:data1\" content=\"1 minuto\" \/>\n<script type=\"application\/ld+json\" class=\"yoast-schema-graph\">{\"@context\":\"https:\/\/schema.org\",\"@graph\":[{\"@type\":\"WebPage\",\"@id\":\"https:\/\/mostracineconquista.com.br\/site\/locais\/\",\"url\":\"https:\/\/mostracineconquista.com.br\/site\/locais\/\",\"name\":\"Locais - Mostra Cine Conquista\",\"isPartOf\":{\"@id\":\"https:\/\/mostracineconquista.com.br\/site\/#website\"},\"datePublished\":\"2024-07-06T17:50:00+00:00\",\"dateModified\":\"2025-09-03T00:18:05+00:00\",\"breadcrumb\":{\"@id\":\"https:\/\/mostracineconquista.com.br\/site\/locais\/#breadcrumb\"},\"inLanguage\":\"pt-BR\",\"potentialAction\":[{\"@type\":\"ReadAction\",\"target\":[\"https:\/\/mostracineconquista.com.br\/site\/locais\/\"]}]},{\"@type\":\"BreadcrumbList\",\"@id\":\"https:\/\/mostracineconquista.com.br\/site\/locais\/#breadcrumb\",\"itemListElement\":[{\"@type\":\"ListItem\",\"position\":1,\"name\":\"In\u00edcio\",\"item\":\"https:\/\/mostracineconquista.com.br\/site\/\"},{\"@type\":\"ListItem\",\"position\":2,\"name\":\"Locais\"}]},{\"@type\":\"WebSite\",\"@id\":\"https:\/\/mostracineconquista.com.br\/site\/#website\",\"url\":\"https:\/\/mostracineconquista.com.br\/site\/\",\"name\":\"Mostra Cine Conquista\",\"description\":\"Mostra de Cinema - Um olhar para o novo cinema - Ano 16\",\"publisher\":{\"@id\":\"https:\/\/mostracineconquista.com.br\/site\/#organization\"},\"potentialAction\":[{\"@type\":\"SearchAction\",\"target\":{\"@type\":\"EntryPoint\",\"urlTemplate\":\"https:\/\/mostracineconquista.com.br\/site\/?s={search_term_string}\"},\"query-input\":{\"@type\":\"PropertyValueSpecification\",\"valueRequired\":true,\"valueName\":\"search_term_string\"}}],\"inLanguage\":\"pt-BR\"},{\"@type\":\"Organization\",\"@id\":\"https:\/\/mostracineconquista.com.br\/site\/#organization\",\"name\":\"Mostra Cine Conquista\",\"url\":\"https:\/\/mostracineconquista.com.br\/site\/\",\"logo\":{\"@type\":\"ImageObject\",\"inLanguage\":\"pt-BR\",\"@id\":\"https:\/\/mostracineconquista.com.br\/site\/#\/schema\/logo\/image\/\",\"url\":\"https:\/\/mostracineconquista.com.br\/site\/wp-content\/uploads\/2024\/06\/header-site-atualizado-setembro.jpg\",\"contentUrl\":\"https:\/\/mostracineconquista.com.br\/site\/wp-content\/uploads\/2024\/06\/header-site-atualizado-setembro.jpg\",\"width\":1920,\"height\":1080,\"caption\":\"Mostra Cine Conquista\"},\"image\":{\"@id\":\"https:\/\/mostracineconquista.com.br\/site\/#\/schema\/logo\/image\/\"},\"sameAs\":[\"https:\/\/www.instagram.com\/mostracinemaconquista\/\"]}]}<\/script>\n<!-- \/ Yoast SEO plugin. -->","yoast_head_json":{"title":"Locais - Mostra Cine Conquista","robots":{"index":"index","follow":"follow","max-snippet":"max-snippet:-1","max-image-preview":"max-image-preview:large","max-video-preview":"max-video-preview:-1"},"canonical":"https:\/\/mostracineconquista.com.br\/site\/locais\/","og_locale":"pt_BR","og_type":"article","og_title":"Locais - Mostra Cine Conquista","og_description":"LOCAIS Centro de Cultura Camillo de Jesus Lima Avenida Rosa Cruz, 45 &#8211; Bairro Recreio, Vit\u00f3ria da Conquista &#8211; BA Pra\u00e7a CEUs J. Murilo R. Joana Ang\u00e9lica, S\/n &#8211; Alto Maron, Vit\u00f3ria da Conquista &#8211; BA, ESCOLAS MUNICIPAIS Escola Municipal Eur\u00edpedes Peri Rosa (Bate-P\u00e9) Bate-P\u00e9, Vit\u00f3ria da Conquista &#8211; BA Escola Municipal Maria Leal (Capinal) [&hellip;]","og_url":"https:\/\/mostracineconquista.com.br\/site\/locais\/","og_site_name":"Mostra Cine Conquista","article_modified_time":"2025-09-03T00:18:05+00:00","twitter_card":"summary_large_image","twitter_misc":{"Est. tempo de leitura":"1 minuto"},"schema":{"@context":"https:\/\/schema.org","@graph":[{"@type":"WebPage","@id":"https:\/\/mostracineconquista.com.br\/site\/locais\/","url":"https:\/\/mostracineconquista.com.br\/site\/locais\/","name":"Locais - Mostra Cine Conquista","isPartOf":{"@id":"https:\/\/mostracineconquista.com.br\/site\/#website"},"datePublished":"2024-07-06T17:50:00+00:00","dateModified":"2025-09-03T00:18:05+00:00","breadcrumb":{"@id":"https:\/\/mostracineconquista.com.br\/site\/locais\/#breadcrumb"},"inLanguage":"pt-BR","potentialAction":[{"@type":"ReadAction","target":["https:\/\/mostracineconquista.com.br\/site\/locais\/"]}]},{"@type":"BreadcrumbList","@id":"https:\/\/mostracineconquista.com.br\/site\/locais\/#breadcrumb","itemListElement":[{"@type":"ListItem","position":1,"name":"In\u00edcio","item":"https:\/\/mostracineconquista.com.br\/site\/"},{"@type":"ListItem","position":2,"name":"Locais"}]},{"@type":"WebSite","@id":"https:\/\/mostracineconquista.com.br\/site\/#website","url":"https:\/\/mostracineconquista.com.br\/site\/","name":"Mostra Cine Conquista","description":"Mostra de Cinema - Um olhar para o novo cinema - Ano 16","publisher":{"@id":"https:\/\/mostracineconquista.com.br\/site\/#organization"},"potentialAction":[{"@type":"SearchAction","target":{"@type":"EntryPoint","urlTemplate":"https:\/\/mostracineconquista.com.br\/site\/?s={search_term_string}"},"query-input":{"@type":"PropertyValueSpecification","valueRequired":true,"valueName":"search_term_string"}}],"inLanguage":"pt-BR"},{"@type":"Organization","@id":"https:\/\/mostracineconquista.com.br\/site\/#organization","name":"Mostra Cine Conquista","url":"https:\/\/mostracineconquista.com.br\/site\/","logo":{"@type":"ImageObject","inLanguage":"pt-BR","@id":"https:\/\/mostracineconquista.com.br\/site\/#\/schema\/logo\/image\/","url":"https:\/\/mostracineconquista.com.br\/site\/wp-content\/uploads\/2024\/06\/header-site-atualizado-setembro.jpg","contentUrl":"https:\/\/mostracineconquista.com.br\/site\/wp-content\/uploads\/2024\/06\/header-site-atualizado-setembro.jpg","width":1920,"height":1080,"caption":"Mostra Cine Conquista"},"image":{"@id":"https:\/\/mostracineconquista.com.br\/site\/#\/schema\/logo\/image\/"},"sameAs":["https:\/\/www.instagram.com\/mostracinemaconquista\/"]}]}},"_links":{"self":[{"href":"https:\/\/mostracineconquista.com.br\/site\/wp-json\/wp\/v2\/pages\/1235","targetHints":{"allow":["GET"]}}],"collection":[{"href":"https:\/\/mostracineconquista.com.br\/site\/wp-json\/wp\/v2\/pages"}],"about":[{"href":"https:\/\/mostracineconquista.com.br\/site\/wp-json\/wp\/v2\/types\/page"}],"author":[{"embeddable":true,"href":"https:\/\/mostracineconquista.com.br\/site\/wp-json\/wp\/v2\/users\/1"}],"replies":[{"embeddable":true,"href":"https:\/\/mostracineconquista.com.br\/site\/wp-json\/wp\/v2\/comments?post=1235"}],"version-history":[{"count":15,"href":"https:\/\/mostracineconquista.com.br\/site\/wp-json\/wp\/v2\/pages\/1235\/revisions"}],"predecessor-version":[{"id":3291,"href":"https:\/\/mostracineconquista.com.br\/site\/wp-json\/wp\/v2\/pages\/1235\/revisions\/3291"}],"wp:attachment":[{"href":"https:\/\/mostracineconquista.com.br\/site\/wp-json\/wp\/v2\/media?parent=1235"}],"curies":[{"name":"wp","href":"https:\/\/api.w.org\/{rel}","templated":true}]}}