{"id":1294,"date":"2024-07-06T19:07:19","date_gmt":"2024-07-06T22:07:19","guid":{"rendered":"https:\/\/cinemovimenta.com.br\/centro\/?page_id=1294"},"modified":"2025-09-01T01:17:00","modified_gmt":"2025-09-01T04:17:00","slug":"faq","status":"publish","type":"page","link":"https:\/\/mostracineconquista.com.br\/site\/faq\/","title":{"rendered":"FAQ"},"content":{"rendered":"\t\t<div data-elementor-type=\"wp-page\" data-elementor-id=\"1294\" class=\"elementor elementor-1294\" data-elementor-post-type=\"page\">\n\t\t\t\t<div class=\"elementor-element elementor-element-b846f0d e-con-full e-flex e-con e-parent\" data-id=\"b846f0d\" data-element_type=\"container\" data-settings=\"{&quot;background_background&quot;:&quot;classic&quot;,&quot;jet_parallax_layout_list&quot;:[]}\">\n\t\t<div class=\"elementor-element elementor-element-bebdb0a e-flex e-con-boxed e-con e-child\" data-id=\"bebdb0a\" data-element_type=\"container\" data-settings=\"{&quot;jet_parallax_layout_list&quot;:[]}\">\n\t\t\t\t\t<div class=\"e-con-inner\">\n\t\t\t\t<div class=\"elementor-element elementor-element-3e4e2d3 elementor-widget elementor-widget-heading\" data-id=\"3e4e2d3\" data-element_type=\"widget\" data-widget_type=\"heading.default\">\n\t\t\t\t<div class=\"elementor-widget-container\">\n\t\t\t\t\t<h2 class=\"elementor-heading-title elementor-size-default\">Perguntas Frequentes (FAQ)<\/h2>\t\t\t\t<\/div>\n\t\t\t\t<\/div>\n\t\t\t\t\t<\/div>\n\t\t\t\t<\/div>\n\t\t<div class=\"elementor-element elementor-element-c7f1468 e-flex e-con-boxed e-con e-child\" data-id=\"c7f1468\" data-element_type=\"container\" data-settings=\"{&quot;jet_parallax_layout_list&quot;:[]}\">\n\t\t\t\t\t<div class=\"e-con-inner\">\n\t\t\t\t<div class=\"elementor-element elementor-element-f4b063d elementor-widget elementor-widget-n-accordion\" data-id=\"f4b063d\" data-element_type=\"widget\" data-settings=\"{&quot;default_state&quot;:&quot;expanded&quot;,&quot;max_items_expended&quot;:&quot;one&quot;,&quot;n_accordion_animation_duration&quot;:{&quot;unit&quot;:&quot;ms&quot;,&quot;size&quot;:400,&quot;sizes&quot;:[]}}\" data-widget_type=\"nested-accordion.default\">\n\t\t\t\t<div class=\"elementor-widget-container\">\n\t\t\t\t\t\t\t<div class=\"e-n-accordion\" aria-label=\"Accordion. Open links with Enter or Space, close with Escape, and navigate with Arrow Keys\">\n\t\t\t\t\t\t<details id=\"e-n-accordion-item-2560\" class=\"e-n-accordion-item\" open>\n\t\t\t\t<summary class=\"e-n-accordion-item-title\" data-accordion-index=\"1\" tabindex=\"0\" aria-expanded=\"true\" aria-controls=\"e-n-accordion-item-2560\" >\n\t\t\t\t\t<span class='e-n-accordion-item-title-header'><div class=\"e-n-accordion-item-title-text\"> Onde acontece a MOSTRA CINEMA CONQUISTA - ANO 16? <\/div><\/span>\n\t\t\t\t\t\t\t<span class='e-n-accordion-item-title-icon'>\n\t\t\t<span class='e-opened' ><svg aria-hidden=\"true\" class=\"e-font-icon-svg e-fas-minus\" viewBox=\"0 0 448 512\" xmlns=\"http:\/\/www.w3.org\/2000\/svg\"><path d=\"M416 208H32c-17.67 0-32 14.33-32 32v32c0 17.67 14.33 32 32 32h384c17.67 0 32-14.33 32-32v-32c0-17.67-14.33-32-32-32z\"><\/path><\/svg><\/span>\n\t\t\t<span class='e-closed'><svg aria-hidden=\"true\" class=\"e-font-icon-svg e-fas-plus\" viewBox=\"0 0 448 512\" xmlns=\"http:\/\/www.w3.org\/2000\/svg\"><path d=\"M416 208H272V64c0-17.67-14.33-32-32-32h-32c-17.67 0-32 14.33-32 32v144H32c-17.67 0-32 14.33-32 32v32c0 17.67 14.33 32 32 32h144v144c0 17.67 14.33 32 32 32h32c17.67 0 32-14.33 32-32V304h144c17.67 0 32-14.33 32-32v-32c0-17.67-14.33-32-32-32z\"><\/path><\/svg><\/span>\n\t\t<\/span>\n\n\t\t\t\t\t\t<\/summary>\n\t\t\t\t<div role=\"region\" aria-labelledby=\"e-n-accordion-item-2560\" class=\"elementor-element elementor-element-9f5aa34 e-con-full e-flex e-con e-child\" data-id=\"9f5aa34\" data-element_type=\"container\" data-settings=\"{&quot;jet_parallax_layout_list&quot;:[]}\">\n\t\t\t\t<div class=\"elementor-element elementor-element-68b2d17 elementor-widget elementor-widget-text-editor\" data-id=\"68b2d17\" data-element_type=\"widget\" data-widget_type=\"text-editor.default\">\n\t\t\t\t<div class=\"elementor-widget-container\">\n\t\t\t\t\t\t\t\t\t<p><span style=\"font-weight: 400;\">Nesta edi\u00e7\u00e3o, al\u00e9m das confer\u00eancias, mesas tem\u00e1ticas e sess\u00f5es vespertinas e noturnas que acontecem no Centro de Cultura Camillo de Jesus Lima, as oficinas ser\u00e3o ofertadas no campus da Universidade Estadual do Sudoeste da Bahia (Uesb).\u00a0<\/span><\/p><p><span style=\"font-weight: 400;\">Entre os dias 8 e 12 de setembro, escolas municipais receber\u00e3o sess\u00f5es da MOSTRA CINEMA CONQUISTA &#8211; ANO 16 nos distritos de Bate-P\u00e9, Igu\u00e1, Jos\u00e9 Gon\u00e7alves, Pradoso e S\u00e3o\u00a0Sebasti\u00e3o. Nos dias 9, 10, 11 e 12 de setembro, tamb\u00e9m ser\u00e3o realizadas sess\u00f5es na Pra\u00e7a CEU J. Murilo, localizada no bairro Alto Maron. <\/span><\/p>\t\t\t\t\t\t\t\t<\/div>\n\t\t\t\t<\/div>\n\t\t\t\t<\/div>\n\t\t\t\t\t<\/details>\n\t\t\t\t\t\t<details id=\"e-n-accordion-item-2561\" class=\"e-n-accordion-item\" >\n\t\t\t\t<summary class=\"e-n-accordion-item-title\" data-accordion-index=\"2\" tabindex=\"-1\" aria-expanded=\"false\" aria-controls=\"e-n-accordion-item-2561\" >\n\t\t\t\t\t<span class='e-n-accordion-item-title-header'><div class=\"e-n-accordion-item-title-text\"> As sess\u00f5es s\u00e3o gratuitas? <\/div><\/span>\n\t\t\t\t\t\t\t<span class='e-n-accordion-item-title-icon'>\n\t\t\t<span class='e-opened' ><svg aria-hidden=\"true\" class=\"e-font-icon-svg e-fas-minus\" viewBox=\"0 0 448 512\" xmlns=\"http:\/\/www.w3.org\/2000\/svg\"><path d=\"M416 208H32c-17.67 0-32 14.33-32 32v32c0 17.67 14.33 32 32 32h384c17.67 0 32-14.33 32-32v-32c0-17.67-14.33-32-32-32z\"><\/path><\/svg><\/span>\n\t\t\t<span class='e-closed'><svg aria-hidden=\"true\" class=\"e-font-icon-svg e-fas-plus\" viewBox=\"0 0 448 512\" xmlns=\"http:\/\/www.w3.org\/2000\/svg\"><path d=\"M416 208H272V64c0-17.67-14.33-32-32-32h-32c-17.67 0-32 14.33-32 32v144H32c-17.67 0-32 14.33-32 32v32c0 17.67 14.33 32 32 32h144v144c0 17.67 14.33 32 32 32h32c17.67 0 32-14.33 32-32V304h144c17.67 0 32-14.33 32-32v-32c0-17.67-14.33-32-32-32z\"><\/path><\/svg><\/span>\n\t\t<\/span>\n\n\t\t\t\t\t\t<\/summary>\n\t\t\t\t<div role=\"region\" aria-labelledby=\"e-n-accordion-item-2561\" class=\"elementor-element elementor-element-6c64140 e-con-full e-flex e-con e-child\" data-id=\"6c64140\" data-element_type=\"container\" data-settings=\"{&quot;jet_parallax_layout_list&quot;:[]}\">\n\t\t\t\t<div class=\"elementor-element elementor-element-0dfe964 elementor-widget elementor-widget-text-editor\" data-id=\"0dfe964\" data-element_type=\"widget\" data-widget_type=\"text-editor.default\">\n\t\t\t\t<div class=\"elementor-widget-container\">\n\t\t\t\t\t\t\t\t\t<p><span style=\"font-weight: 400;\">Sim. Todas as atividades da MOSTRA CINEMA CONQUISTA s\u00e3o gratuitas. Basta chegar com anteced\u00eancia e retirar o seu ingresso gratuitamente na bilheteria do Centro de Cultura Camillo de Jesus Lima. <\/span><\/p>\t\t\t\t\t\t\t\t<\/div>\n\t\t\t\t<\/div>\n\t\t\t\t<\/div>\n\t\t\t\t\t<\/details>\n\t\t\t\t\t\t<details id=\"e-n-accordion-item-2562\" class=\"e-n-accordion-item\" >\n\t\t\t\t<summary class=\"e-n-accordion-item-title\" data-accordion-index=\"3\" tabindex=\"-1\" aria-expanded=\"false\" aria-controls=\"e-n-accordion-item-2562\" >\n\t\t\t\t\t<span class='e-n-accordion-item-title-header'><div class=\"e-n-accordion-item-title-text\"> Como participar das atividades formativas?  <\/div><\/span>\n\t\t\t\t\t\t\t<span class='e-n-accordion-item-title-icon'>\n\t\t\t<span class='e-opened' ><svg aria-hidden=\"true\" class=\"e-font-icon-svg e-fas-minus\" viewBox=\"0 0 448 512\" xmlns=\"http:\/\/www.w3.org\/2000\/svg\"><path d=\"M416 208H32c-17.67 0-32 14.33-32 32v32c0 17.67 14.33 32 32 32h384c17.67 0 32-14.33 32-32v-32c0-17.67-14.33-32-32-32z\"><\/path><\/svg><\/span>\n\t\t\t<span class='e-closed'><svg aria-hidden=\"true\" class=\"e-font-icon-svg e-fas-plus\" viewBox=\"0 0 448 512\" xmlns=\"http:\/\/www.w3.org\/2000\/svg\"><path d=\"M416 208H272V64c0-17.67-14.33-32-32-32h-32c-17.67 0-32 14.33-32 32v144H32c-17.67 0-32 14.33-32 32v32c0 17.67 14.33 32 32 32h144v144c0 17.67 14.33 32 32 32h32c17.67 0 32-14.33 32-32V304h144c17.67 0 32-14.33 32-32v-32c0-17.67-14.33-32-32-32z\"><\/path><\/svg><\/span>\n\t\t<\/span>\n\n\t\t\t\t\t\t<\/summary>\n\t\t\t\t<div role=\"region\" aria-labelledby=\"e-n-accordion-item-2562\" class=\"elementor-element elementor-element-218895a e-con-full e-flex e-con e-child\" data-id=\"218895a\" data-element_type=\"container\" data-settings=\"{&quot;jet_parallax_layout_list&quot;:[]}\">\n\t\t\t\t<div class=\"elementor-element elementor-element-a198776 elementor-widget elementor-widget-text-editor\" data-id=\"a198776\" data-element_type=\"widget\" data-widget_type=\"text-editor.default\">\n\t\t\t\t<div class=\"elementor-widget-container\">\n\t\t\t\t\t\t\t\t\t<p><span style=\"font-weight: 400;\">A programa\u00e7\u00e3o da MOSTRA CINEMA CONQUISTA &#8211; ANO 16 conta com oficinas, confer\u00eancias e mesas tem\u00e1ticas. Algumas dessas atividades formativas t\u00eam vagas limitadas e exigem inscri\u00e7\u00e3o pr\u00e9via. \u00c9 o caso das oficinas, cuja inscri\u00e7\u00e3o pode ser feita no site ou nos links disponibilizados nos perfis do Instagram: @mostracinemaconquista, @janelauesb e @cinemauesb.<\/span><\/p><p><span style=\"font-weight: 400;\">Para participar das confer\u00eancias e mesas tem\u00e1ticas n\u00e3o \u00e9 preciso realizar inscri\u00e7\u00e3o. <\/span><\/p>\t\t\t\t\t\t\t\t<\/div>\n\t\t\t\t<\/div>\n\t\t\t\t<\/div>\n\t\t\t\t\t<\/details>\n\t\t\t\t\t\t<details id=\"e-n-accordion-item-2563\" class=\"e-n-accordion-item\" >\n\t\t\t\t<summary class=\"e-n-accordion-item-title\" data-accordion-index=\"4\" tabindex=\"-1\" aria-expanded=\"false\" aria-controls=\"e-n-accordion-item-2563\" >\n\t\t\t\t\t<span class='e-n-accordion-item-title-header'><div class=\"e-n-accordion-item-title-text\"> A MOSTRA CINEMA CONQUISTA tem classifica\u00e7\u00e3o indicativa? <\/div><\/span>\n\t\t\t\t\t\t\t<span class='e-n-accordion-item-title-icon'>\n\t\t\t<span class='e-opened' ><svg aria-hidden=\"true\" class=\"e-font-icon-svg e-fas-minus\" viewBox=\"0 0 448 512\" xmlns=\"http:\/\/www.w3.org\/2000\/svg\"><path d=\"M416 208H32c-17.67 0-32 14.33-32 32v32c0 17.67 14.33 32 32 32h384c17.67 0 32-14.33 32-32v-32c0-17.67-14.33-32-32-32z\"><\/path><\/svg><\/span>\n\t\t\t<span class='e-closed'><svg aria-hidden=\"true\" class=\"e-font-icon-svg e-fas-plus\" viewBox=\"0 0 448 512\" xmlns=\"http:\/\/www.w3.org\/2000\/svg\"><path d=\"M416 208H272V64c0-17.67-14.33-32-32-32h-32c-17.67 0-32 14.33-32 32v144H32c-17.67 0-32 14.33-32 32v32c0 17.67 14.33 32 32 32h144v144c0 17.67 14.33 32 32 32h32c17.67 0 32-14.33 32-32V304h144c17.67 0 32-14.33 32-32v-32c0-17.67-14.33-32-32-32z\"><\/path><\/svg><\/span>\n\t\t<\/span>\n\n\t\t\t\t\t\t<\/summary>\n\t\t\t\t<div role=\"region\" aria-labelledby=\"e-n-accordion-item-2563\" class=\"elementor-element elementor-element-bf6b579 e-con-full e-flex e-con e-child\" data-id=\"bf6b579\" data-element_type=\"container\" data-settings=\"{&quot;jet_parallax_layout_list&quot;:[]}\">\n\t\t\t\t<div class=\"elementor-element elementor-element-bd13c47 elementor-widget elementor-widget-text-editor\" data-id=\"bd13c47\" data-element_type=\"widget\" data-widget_type=\"text-editor.default\">\n\t\t\t\t<div class=\"elementor-widget-container\">\n\t\t\t\t\t\t\t\t\t<p><span style=\"font-weight: 400;\">Cada filme possui sua pr\u00f3pria classifica\u00e7\u00e3o et\u00e1ria. Essa informa\u00e7\u00e3o est\u00e1 dispon\u00edvel nos materiais de divulga\u00e7\u00e3o gr\u00e1ficos e digitais.<\/span><\/p>\t\t\t\t\t\t\t\t<\/div>\n\t\t\t\t<\/div>\n\t\t\t\t<\/div>\n\t\t\t\t\t<\/details>\n\t\t\t\t\t\t<details id=\"e-n-accordion-item-2564\" class=\"e-n-accordion-item\" >\n\t\t\t\t<summary class=\"e-n-accordion-item-title\" data-accordion-index=\"5\" tabindex=\"-1\" aria-expanded=\"false\" aria-controls=\"e-n-accordion-item-2564\" >\n\t\t\t\t\t<span class='e-n-accordion-item-title-header'><div class=\"e-n-accordion-item-title-text\"> Onde encontro a programa\u00e7\u00e3o completa? <\/div><\/span>\n\t\t\t\t\t\t\t<span class='e-n-accordion-item-title-icon'>\n\t\t\t<span class='e-opened' ><svg aria-hidden=\"true\" class=\"e-font-icon-svg e-fas-minus\" viewBox=\"0 0 448 512\" xmlns=\"http:\/\/www.w3.org\/2000\/svg\"><path d=\"M416 208H32c-17.67 0-32 14.33-32 32v32c0 17.67 14.33 32 32 32h384c17.67 0 32-14.33 32-32v-32c0-17.67-14.33-32-32-32z\"><\/path><\/svg><\/span>\n\t\t\t<span class='e-closed'><svg aria-hidden=\"true\" class=\"e-font-icon-svg e-fas-plus\" viewBox=\"0 0 448 512\" xmlns=\"http:\/\/www.w3.org\/2000\/svg\"><path d=\"M416 208H272V64c0-17.67-14.33-32-32-32h-32c-17.67 0-32 14.33-32 32v144H32c-17.67 0-32 14.33-32 32v32c0 17.67 14.33 32 32 32h144v144c0 17.67 14.33 32 32 32h32c17.67 0 32-14.33 32-32V304h144c17.67 0 32-14.33 32-32v-32c0-17.67-14.33-32-32-32z\"><\/path><\/svg><\/span>\n\t\t<\/span>\n\n\t\t\t\t\t\t<\/summary>\n\t\t\t\t<div role=\"region\" aria-labelledby=\"e-n-accordion-item-2564\" class=\"elementor-element elementor-element-487f2d5 e-con-full e-flex e-con e-child\" data-id=\"487f2d5\" data-element_type=\"container\" data-settings=\"{&quot;jet_parallax_layout_list&quot;:[]}\">\n\t\t\t\t<div class=\"elementor-element elementor-element-aa51b63 elementor-widget elementor-widget-text-editor\" data-id=\"aa51b63\" data-element_type=\"widget\" data-widget_type=\"text-editor.default\">\n\t\t\t\t<div class=\"elementor-widget-container\">\n\t\t\t\t\t\t\t\t\t<p><span style=\"font-weight: 400;\">No site oficial e no perfil @mostracinemaconquista no Instagram, est\u00e3o dispon\u00edveis todos os filmes, hor\u00e1rios, locais de exibi\u00e7\u00e3o, classifica\u00e7\u00e3o indicativa e atividades formativas.<\/span><\/p>\t\t\t\t\t\t\t\t<\/div>\n\t\t\t\t<\/div>\n\t\t\t\t<\/div>\n\t\t\t\t\t<\/details>\n\t\t\t\t\t\t<details id=\"e-n-accordion-item-2565\" class=\"e-n-accordion-item\" >\n\t\t\t\t<summary class=\"e-n-accordion-item-title\" data-accordion-index=\"6\" tabindex=\"-1\" aria-expanded=\"false\" aria-controls=\"e-n-accordion-item-2565\" >\n\t\t\t\t\t<span class='e-n-accordion-item-title-header'><div class=\"e-n-accordion-item-title-text\"> Quem realiza a MOSTRA CINEMA CONQUISTA? <\/div><\/span>\n\t\t\t\t\t\t\t<span class='e-n-accordion-item-title-icon'>\n\t\t\t<span class='e-opened' ><svg aria-hidden=\"true\" class=\"e-font-icon-svg e-fas-minus\" viewBox=\"0 0 448 512\" xmlns=\"http:\/\/www.w3.org\/2000\/svg\"><path d=\"M416 208H32c-17.67 0-32 14.33-32 32v32c0 17.67 14.33 32 32 32h384c17.67 0 32-14.33 32-32v-32c0-17.67-14.33-32-32-32z\"><\/path><\/svg><\/span>\n\t\t\t<span class='e-closed'><svg aria-hidden=\"true\" class=\"e-font-icon-svg e-fas-plus\" viewBox=\"0 0 448 512\" xmlns=\"http:\/\/www.w3.org\/2000\/svg\"><path d=\"M416 208H272V64c0-17.67-14.33-32-32-32h-32c-17.67 0-32 14.33-32 32v144H32c-17.67 0-32 14.33-32 32v32c0 17.67 14.33 32 32 32h144v144c0 17.67 14.33 32 32 32h32c17.67 0 32-14.33 32-32V304h144c17.67 0 32-14.33 32-32v-32c0-17.67-14.33-32-32-32z\"><\/path><\/svg><\/span>\n\t\t<\/span>\n\n\t\t\t\t\t\t<\/summary>\n\t\t\t\t<div role=\"region\" aria-labelledby=\"e-n-accordion-item-2565\" class=\"elementor-element elementor-element-8c049bf e-con-full e-flex e-con e-child\" data-id=\"8c049bf\" data-element_type=\"container\" data-settings=\"{&quot;jet_parallax_layout_list&quot;:[]}\">\n\t\t\t\t<div class=\"elementor-element elementor-element-3a65109 elementor-widget elementor-widget-text-editor\" data-id=\"3a65109\" data-element_type=\"widget\" data-widget_type=\"text-editor.default\">\n\t\t\t\t<div class=\"elementor-widget-container\">\n\t\t\t\t\t\t\t\t\t<p><span style=\"font-weight: 400;\">A MOSTRA CINEMA CONQUISTA &#8211; ANO 16 \u00e9 uma realiza\u00e7\u00e3o da Movimenta &#8211; Cultura e Arte. Tem a parceria do Janela Indiscreta e do Curso de Cinema e Audiovisual da Uesb. Recebe o apoio institucional da Prefeitura Municipal de Vit\u00f3ria da Conquista, atrav\u00e9s da Secretaria Municipal de Cultura. A MOSTRA CINEMA CONQUISTA conta com o apoio financeiro do Governo do Estado da Bahia atrav\u00e9s da Secretaria de Cultura via Lei Paulo Gustavo, direcionada pelo Minist\u00e9rio da Cultura, Governo Federal.<\/span><\/p>\t\t\t\t\t\t\t\t<\/div>\n\t\t\t\t<\/div>\n\t\t\t\t<\/div>\n\t\t\t\t\t<\/details>\n\t\t\t\t\t<\/div>\n\t\t\t\t\t\t<\/div>\n\t\t\t\t<\/div>\n\t\t\t\t\t<\/div>\n\t\t\t\t<\/div>\n\t\t\t\t<\/div>\n\t\t\t\t<\/div>\n\t\t","protected":false},"excerpt":{"rendered":"<p>Perguntas Frequentes (FAQ) Onde acontece a MOSTRA CINEMA CONQUISTA &#8211; ANO 16? Nesta edi\u00e7\u00e3o, al\u00e9m das confer\u00eancias, mesas tem\u00e1ticas e sess\u00f5es vespertinas e noturnas que acontecem no Centro de Cultura Camillo de Jesus Lima, as oficinas ser\u00e3o ofertadas no campus da Universidade Estadual do Sudoeste da Bahia (Uesb).\u00a0 Entre os dias 8 e 12 de [&hellip;]<\/p>\n","protected":false},"author":1,"featured_media":0,"parent":0,"menu_order":0,"comment_status":"closed","ping_status":"closed","template":"elementor_header_footer","meta":{"footnotes":""},"class_list":["post-1294","page","type-page","status-publish","hentry"],"yoast_head":"<!-- This site is optimized with the Yoast SEO plugin v25.8 - https:\/\/yoast.com\/wordpress\/plugins\/seo\/ -->\n<title>FAQ - Mostra Cine Conquista<\/title>\n<meta name=\"robots\" content=\"index, follow, max-snippet:-1, max-image-preview:large, max-video-preview:-1\" \/>\n<link rel=\"canonical\" href=\"https:\/\/mostracineconquista.com.br\/site\/faq\/\" \/>\n<meta property=\"og:locale\" content=\"pt_BR\" \/>\n<meta property=\"og:type\" content=\"article\" \/>\n<meta property=\"og:title\" content=\"FAQ - Mostra Cine Conquista\" \/>\n<meta property=\"og:description\" content=\"Perguntas Frequentes (FAQ) Onde acontece a MOSTRA CINEMA CONQUISTA &#8211; ANO 16? Nesta edi\u00e7\u00e3o, al\u00e9m das confer\u00eancias, mesas tem\u00e1ticas e sess\u00f5es vespertinas e noturnas que acontecem no Centro de Cultura Camillo de Jesus Lima, as oficinas ser\u00e3o ofertadas no campus da Universidade Estadual do Sudoeste da Bahia (Uesb).\u00a0 Entre os dias 8 e 12 de [&hellip;]\" \/>\n<meta property=\"og:url\" content=\"https:\/\/mostracineconquista.com.br\/site\/faq\/\" \/>\n<meta property=\"og:site_name\" content=\"Mostra Cine Conquista\" \/>\n<meta property=\"article:modified_time\" content=\"2025-09-01T04:17:00+00:00\" \/>\n<meta name=\"twitter:card\" content=\"summary_large_image\" \/>\n<meta name=\"twitter:label1\" content=\"Est. tempo de leitura\" \/>\n\t<meta name=\"twitter:data1\" content=\"4 minutos\" \/>\n<script type=\"application\/ld+json\" class=\"yoast-schema-graph\">{\"@context\":\"https:\/\/schema.org\",\"@graph\":[{\"@type\":\"WebPage\",\"@id\":\"https:\/\/mostracineconquista.com.br\/site\/faq\/\",\"url\":\"https:\/\/mostracineconquista.com.br\/site\/faq\/\",\"name\":\"FAQ - Mostra Cine Conquista\",\"isPartOf\":{\"@id\":\"https:\/\/mostracineconquista.com.br\/site\/#website\"},\"datePublished\":\"2024-07-06T22:07:19+00:00\",\"dateModified\":\"2025-09-01T04:17:00+00:00\",\"breadcrumb\":{\"@id\":\"https:\/\/mostracineconquista.com.br\/site\/faq\/#breadcrumb\"},\"inLanguage\":\"pt-BR\",\"potentialAction\":[{\"@type\":\"ReadAction\",\"target\":[\"https:\/\/mostracineconquista.com.br\/site\/faq\/\"]}]},{\"@type\":\"BreadcrumbList\",\"@id\":\"https:\/\/mostracineconquista.com.br\/site\/faq\/#breadcrumb\",\"itemListElement\":[{\"@type\":\"ListItem\",\"position\":1,\"name\":\"In\u00edcio\",\"item\":\"https:\/\/mostracineconquista.com.br\/site\/\"},{\"@type\":\"ListItem\",\"position\":2,\"name\":\"FAQ\"}]},{\"@type\":\"WebSite\",\"@id\":\"https:\/\/mostracineconquista.com.br\/site\/#website\",\"url\":\"https:\/\/mostracineconquista.com.br\/site\/\",\"name\":\"Mostra Cine Conquista\",\"description\":\"Mostra de Cinema - Um olhar para o novo cinema - Ano 16\",\"publisher\":{\"@id\":\"https:\/\/mostracineconquista.com.br\/site\/#organization\"},\"potentialAction\":[{\"@type\":\"SearchAction\",\"target\":{\"@type\":\"EntryPoint\",\"urlTemplate\":\"https:\/\/mostracineconquista.com.br\/site\/?s={search_term_string}\"},\"query-input\":{\"@type\":\"PropertyValueSpecification\",\"valueRequired\":true,\"valueName\":\"search_term_string\"}}],\"inLanguage\":\"pt-BR\"},{\"@type\":\"Organization\",\"@id\":\"https:\/\/mostracineconquista.com.br\/site\/#organization\",\"name\":\"Mostra Cine Conquista\",\"url\":\"https:\/\/mostracineconquista.com.br\/site\/\",\"logo\":{\"@type\":\"ImageObject\",\"inLanguage\":\"pt-BR\",\"@id\":\"https:\/\/mostracineconquista.com.br\/site\/#\/schema\/logo\/image\/\",\"url\":\"https:\/\/mostracineconquista.com.br\/site\/wp-content\/uploads\/2024\/06\/header-site-atualizado-setembro.jpg\",\"contentUrl\":\"https:\/\/mostracineconquista.com.br\/site\/wp-content\/uploads\/2024\/06\/header-site-atualizado-setembro.jpg\",\"width\":1920,\"height\":1080,\"caption\":\"Mostra Cine Conquista\"},\"image\":{\"@id\":\"https:\/\/mostracineconquista.com.br\/site\/#\/schema\/logo\/image\/\"},\"sameAs\":[\"https:\/\/www.instagram.com\/mostracinemaconquista\/\"]}]}<\/script>\n<!-- \/ Yoast SEO plugin. -->","yoast_head_json":{"title":"FAQ - Mostra Cine Conquista","robots":{"index":"index","follow":"follow","max-snippet":"max-snippet:-1","max-image-preview":"max-image-preview:large","max-video-preview":"max-video-preview:-1"},"canonical":"https:\/\/mostracineconquista.com.br\/site\/faq\/","og_locale":"pt_BR","og_type":"article","og_title":"FAQ - Mostra Cine Conquista","og_description":"Perguntas Frequentes (FAQ) Onde acontece a MOSTRA CINEMA CONQUISTA &#8211; ANO 16? Nesta edi\u00e7\u00e3o, al\u00e9m das confer\u00eancias, mesas tem\u00e1ticas e sess\u00f5es vespertinas e noturnas que acontecem no Centro de Cultura Camillo de Jesus Lima, as oficinas ser\u00e3o ofertadas no campus da Universidade Estadual do Sudoeste da Bahia (Uesb).\u00a0 Entre os dias 8 e 12 de [&hellip;]","og_url":"https:\/\/mostracineconquista.com.br\/site\/faq\/","og_site_name":"Mostra Cine Conquista","article_modified_time":"2025-09-01T04:17:00+00:00","twitter_card":"summary_large_image","twitter_misc":{"Est. tempo de leitura":"4 minutos"},"schema":{"@context":"https:\/\/schema.org","@graph":[{"@type":"WebPage","@id":"https:\/\/mostracineconquista.com.br\/site\/faq\/","url":"https:\/\/mostracineconquista.com.br\/site\/faq\/","name":"FAQ - Mostra Cine Conquista","isPartOf":{"@id":"https:\/\/mostracineconquista.com.br\/site\/#website"},"datePublished":"2024-07-06T22:07:19+00:00","dateModified":"2025-09-01T04:17:00+00:00","breadcrumb":{"@id":"https:\/\/mostracineconquista.com.br\/site\/faq\/#breadcrumb"},"inLanguage":"pt-BR","potentialAction":[{"@type":"ReadAction","target":["https:\/\/mostracineconquista.com.br\/site\/faq\/"]}]},{"@type":"BreadcrumbList","@id":"https:\/\/mostracineconquista.com.br\/site\/faq\/#breadcrumb","itemListElement":[{"@type":"ListItem","position":1,"name":"In\u00edcio","item":"https:\/\/mostracineconquista.com.br\/site\/"},{"@type":"ListItem","position":2,"name":"FAQ"}]},{"@type":"WebSite","@id":"https:\/\/mostracineconquista.com.br\/site\/#website","url":"https:\/\/mostracineconquista.com.br\/site\/","name":"Mostra Cine Conquista","description":"Mostra de Cinema - Um olhar para o novo cinema - Ano 16","publisher":{"@id":"https:\/\/mostracineconquista.com.br\/site\/#organization"},"potentialAction":[{"@type":"SearchAction","target":{"@type":"EntryPoint","urlTemplate":"https:\/\/mostracineconquista.com.br\/site\/?s={search_term_string}"},"query-input":{"@type":"PropertyValueSpecification","valueRequired":true,"valueName":"search_term_string"}}],"inLanguage":"pt-BR"},{"@type":"Organization","@id":"https:\/\/mostracineconquista.com.br\/site\/#organization","name":"Mostra Cine Conquista","url":"https:\/\/mostracineconquista.com.br\/site\/","logo":{"@type":"ImageObject","inLanguage":"pt-BR","@id":"https:\/\/mostracineconquista.com.br\/site\/#\/schema\/logo\/image\/","url":"https:\/\/mostracineconquista.com.br\/site\/wp-content\/uploads\/2024\/06\/header-site-atualizado-setembro.jpg","contentUrl":"https:\/\/mostracineconquista.com.br\/site\/wp-content\/uploads\/2024\/06\/header-site-atualizado-setembro.jpg","width":1920,"height":1080,"caption":"Mostra Cine Conquista"},"image":{"@id":"https:\/\/mostracineconquista.com.br\/site\/#\/schema\/logo\/image\/"},"sameAs":["https:\/\/www.instagram.com\/mostracinemaconquista\/"]}]}},"_links":{"self":[{"href":"https:\/\/mostracineconquista.com.br\/site\/wp-json\/wp\/v2\/pages\/1294","targetHints":{"allow":["GET"]}}],"collection":[{"href":"https:\/\/mostracineconquista.com.br\/site\/wp-json\/wp\/v2\/pages"}],"about":[{"href":"https:\/\/mostracineconquista.com.br\/site\/wp-json\/wp\/v2\/types\/page"}],"author":[{"embeddable":true,"href":"https:\/\/mostracineconquista.com.br\/site\/wp-json\/wp\/v2\/users\/1"}],"replies":[{"embeddable":true,"href":"https:\/\/mostracineconquista.com.br\/site\/wp-json\/wp\/v2\/comments?post=1294"}],"version-history":[{"count":6,"href":"https:\/\/mostracineconquista.com.br\/site\/wp-json\/wp\/v2\/pages\/1294\/revisions"}],"predecessor-version":[{"id":3224,"href":"https:\/\/mostracineconquista.com.br\/site\/wp-json\/wp\/v2\/pages\/1294\/revisions\/3224"}],"wp:attachment":[{"href":"https:\/\/mostracineconquista.com.br\/site\/wp-json\/wp\/v2\/media?parent=1294"}],"curies":[{"name":"wp","href":"https:\/\/api.w.org\/{rel}","templated":true}]}}