{"id":3297,"date":"2025-09-03T18:30:52","date_gmt":"2025-09-03T21:30:52","guid":{"rendered":"https:\/\/mostracineconquista.com.br\/site\/?page_id=3297"},"modified":"2025-09-03T19:24:43","modified_gmt":"2025-09-03T22:24:43","slug":"conferencias","status":"publish","type":"page","link":"https:\/\/mostracineconquista.com.br\/site\/conferencias\/","title":{"rendered":"Confer\u00eancias"},"content":{"rendered":"\t\t<div data-elementor-type=\"wp-page\" data-elementor-id=\"3297\" class=\"elementor elementor-3297\" data-elementor-post-type=\"page\">\n\t\t\t\t<div class=\"elementor-element elementor-element-cb367d8 e-con-full e-flex e-con e-parent\" data-id=\"cb367d8\" data-element_type=\"container\" data-settings=\"{&quot;background_background&quot;:&quot;classic&quot;,&quot;jet_parallax_layout_list&quot;:[]}\">\n\t\t<div class=\"elementor-element elementor-element-93271ed e-flex e-con-boxed e-con e-child\" data-id=\"93271ed\" data-element_type=\"container\" data-settings=\"{&quot;jet_parallax_layout_list&quot;:[]}\">\n\t\t\t\t\t<div class=\"e-con-inner\">\n\t\t\t\t<div class=\"elementor-element elementor-element-6b382f4 elementor-widget elementor-widget-heading\" data-id=\"6b382f4\" data-element_type=\"widget\" data-widget_type=\"heading.default\">\n\t\t\t\t<div class=\"elementor-widget-container\">\n\t\t\t\t\t<h2 class=\"elementor-heading-title elementor-size-default\">ATIVIDADES FORMATIVAS<\/h2>\t\t\t\t<\/div>\n\t\t\t\t<\/div>\n\t\t\t\t\t<\/div>\n\t\t\t\t<\/div>\n\t\t\t\t<\/div>\n\t\t<div class=\"elementor-element elementor-element-463cc84 e-flex e-con-boxed e-con e-parent\" data-id=\"463cc84\" data-element_type=\"container\" data-settings=\"{&quot;background_background&quot;:&quot;classic&quot;,&quot;jet_parallax_layout_list&quot;:[]}\">\n\t\t\t\t\t<div class=\"e-con-inner\">\n\t\t<div class=\"elementor-element elementor-element-08ee360 e-flex e-con-boxed e-con e-child\" data-id=\"08ee360\" data-element_type=\"container\" data-settings=\"{&quot;jet_parallax_layout_list&quot;:[]}\">\n\t\t\t\t\t<div class=\"e-con-inner\">\n\t\t\t\t<div class=\"elementor-element elementor-element-e87f491 elementor-widget elementor-widget-text-editor\" data-id=\"e87f491\" data-element_type=\"widget\" data-widget_type=\"text-editor.default\">\n\t\t\t\t<div class=\"elementor-widget-container\">\n\t\t\t\t\t\t\t\t\t<p><span style=\"font-weight: 400;\">A Mostra Cinema Conquista &#8211; ANO 16 tamb\u00e9m \u00e9 espa\u00e7o de aprendizado e troca. Em parceria com a V Semana de Cinema e Audiovisual da Uesb e com o Programa Janela Indiscreta, a programa\u00e7\u00e3o inclui confer\u00eancias gratuitas, voltadas para quem deseja aprofundar conhecimentos no audiovisual brasileiro.<\/span><\/p>\t\t\t\t\t\t\t\t<\/div>\n\t\t\t\t<\/div>\n\t\t\t\t\t<\/div>\n\t\t\t\t<\/div>\n\t\t\t\t\t<\/div>\n\t\t\t\t<\/div>\n\t\t<div class=\"elementor-element elementor-element-c2643a7 e-flex e-con-boxed e-con e-parent\" data-id=\"c2643a7\" data-element_type=\"container\" data-settings=\"{&quot;background_background&quot;:&quot;classic&quot;,&quot;jet_parallax_layout_list&quot;:[]}\">\n\t\t\t\t\t<div class=\"e-con-inner\">\n\t\t<div class=\"elementor-element elementor-element-5e6386f e-flex e-con-boxed e-con e-child\" data-id=\"5e6386f\" data-element_type=\"container\" data-settings=\"{&quot;jet_parallax_layout_list&quot;:[]}\">\n\t\t\t\t\t<div class=\"e-con-inner\">\n\t\t\t\t<div class=\"elementor-element elementor-element-5ee0fd8 elementor-widget elementor-widget-heading\" data-id=\"5ee0fd8\" data-element_type=\"widget\" data-widget_type=\"heading.default\">\n\t\t\t\t<div class=\"elementor-widget-container\">\n\t\t\t\t\t<h2 class=\"elementor-heading-title elementor-size-default\"><a href=\"https:\/\/docs.google.com\/forms\/d\/e\/1FAIpQLSdihHyBWSaFwklJA50CgwXBDEvccoCE7Ty5jvxLo1RnXTZkDw\/viewform\" target=\"_blank\">Confer\u00eancia<\/a><\/h2>\t\t\t\t<\/div>\n\t\t\t\t<\/div>\n\t\t\t\t<div class=\"elementor-element elementor-element-a07e02b elementor-widget elementor-widget-heading\" data-id=\"a07e02b\" data-element_type=\"widget\" data-widget_type=\"heading.default\">\n\t\t\t\t<div class=\"elementor-widget-container\">\n\t\t\t\t\t<h2 class=\"elementor-heading-title elementor-size-default\">CINEMA DE QUINTAL: ENCONTRANDO UM JEITO PR\u00d3PRIO DE FILMAR<\/h2>\t\t\t\t<\/div>\n\t\t\t\t<\/div>\n\t\t<div class=\"elementor-element elementor-element-22ab2b5 e-grid e-con-full e-con e-child\" data-id=\"22ab2b5\" data-element_type=\"container\" data-settings=\"{&quot;jet_parallax_layout_list&quot;:[]}\">\n\t\t\t\t<div class=\"elementor-element elementor-element-b9cbbe5 elementor-widget elementor-widget-image\" data-id=\"b9cbbe5\" data-element_type=\"widget\" data-widget_type=\"image.default\">\n\t\t\t\t<div class=\"elementor-widget-container\">\n\t\t\t\t\t\t\t\t\t\t\t\t\t\t\t<img decoding=\"async\" width=\"200\" height=\"200\" src=\"https:\/\/mostracineconquista.com.br\/site\/wp-content\/uploads\/2025\/09\/foto-paula-gomes.jpg\" class=\"attachment-full size-full wp-image-3310\" alt=\"\" srcset=\"https:\/\/mostracineconquista.com.br\/site\/wp-content\/uploads\/2025\/09\/foto-paula-gomes.jpg 200w, https:\/\/mostracineconquista.com.br\/site\/wp-content\/uploads\/2025\/09\/foto-paula-gomes-150x150.jpg 150w\" sizes=\"(max-width: 200px) 100vw, 200px\" \/>\t\t\t\t\t\t\t\t\t\t\t\t\t\t\t<\/div>\n\t\t\t\t<\/div>\n\t\t\t\t<div class=\"elementor-element elementor-element-43c78fb elementor-widget elementor-widget-image\" data-id=\"43c78fb\" data-element_type=\"widget\" data-widget_type=\"image.default\">\n\t\t\t\t<div class=\"elementor-widget-container\">\n\t\t\t\t\t\t\t\t\t\t\t\t\t\t\t<img decoding=\"async\" width=\"200\" height=\"200\" src=\"https:\/\/mostracineconquista.com.br\/site\/wp-content\/uploads\/2025\/09\/foto-haroldo-borges.jpg\" class=\"attachment-full size-full wp-image-3311\" alt=\"\" srcset=\"https:\/\/mostracineconquista.com.br\/site\/wp-content\/uploads\/2025\/09\/foto-haroldo-borges.jpg 200w, https:\/\/mostracineconquista.com.br\/site\/wp-content\/uploads\/2025\/09\/foto-haroldo-borges-150x150.jpg 150w\" sizes=\"(max-width: 200px) 100vw, 200px\" \/>\t\t\t\t\t\t\t\t\t\t\t\t\t\t\t<\/div>\n\t\t\t\t<\/div>\n\t\t\t\t<\/div>\n\t\t\t\t<div class=\"elementor-element elementor-element-d3aa04b elementor-widget elementor-widget-text-editor\" data-id=\"d3aa04b\" data-element_type=\"widget\" data-widget_type=\"text-editor.default\">\n\t\t\t\t<div class=\"elementor-widget-container\">\n\t\t\t\t\t\t\t\t\t<p><b>Com Paula Gomes e participa\u00e7\u00e3o de Haroldo Borges<br \/><\/b><span style=\"font-weight: 400;\">Realizadores\u00a0 do Coletivo Plano 3 Filmes<\/span><\/p><p><i><span style=\"font-weight: 400;\">Atrav\u00e9s da experi\u00eancia do coletivo Plano 3 Filmes, vamos refletir sobre processos de produ\u00e7\u00e3o e cria\u00e7\u00e3o no cinema independente, discutindo estrat\u00e9gias para fazer filmes poss\u00edveis e com potencial para chegar no cora\u00e7\u00e3o do p\u00fablico. <\/span><\/i><\/p><p><b>Data: <\/b><span style=\"font-weight: 400;\">10 de setembro, 9 horas\u00a0<\/span><\/p><p><b>Local:<\/b> <span style=\"font-weight: 400;\">Centro de Cultura Camillo de Jesus Lima<\/span><\/p>\t\t\t\t\t\t\t\t<\/div>\n\t\t\t\t<\/div>\n\t\t\t\t\t<\/div>\n\t\t\t\t<\/div>\n\t\t\t\t\t<\/div>\n\t\t\t\t<\/div>\n\t\t<div class=\"elementor-element elementor-element-fb7ca5f e-flex e-con-boxed e-con e-parent\" data-id=\"fb7ca5f\" data-element_type=\"container\" data-settings=\"{&quot;background_background&quot;:&quot;classic&quot;,&quot;jet_parallax_layout_list&quot;:[]}\">\n\t\t\t\t\t<div class=\"e-con-inner\">\n\t\t<div class=\"elementor-element elementor-element-187ad1d e-flex e-con-boxed e-con e-child\" data-id=\"187ad1d\" data-element_type=\"container\" data-settings=\"{&quot;jet_parallax_layout_list&quot;:[]}\">\n\t\t\t\t\t<div class=\"e-con-inner\">\n\t\t\t\t<div class=\"elementor-element elementor-element-b85f26b elementor-widget elementor-widget-heading\" data-id=\"b85f26b\" data-element_type=\"widget\" data-widget_type=\"heading.default\">\n\t\t\t\t<div class=\"elementor-widget-container\">\n\t\t\t\t\t<h2 class=\"elementor-heading-title elementor-size-default\"><a href=\"https:\/\/docs.google.com\/forms\/d\/e\/1FAIpQLSeqkiIldTIwnZ1_tkG-eFp9P753h4LuNPudRZKYQ8d2kE-VTg\/viewform\" target=\"_blank\">Confer\u00eancia<\/a><\/h2>\t\t\t\t<\/div>\n\t\t\t\t<\/div>\n\t\t\t\t<div class=\"elementor-element elementor-element-5b3aa7a elementor-widget elementor-widget-heading\" data-id=\"5b3aa7a\" data-element_type=\"widget\" data-widget_type=\"heading.default\">\n\t\t\t\t<div class=\"elementor-widget-container\">\n\t\t\t\t\t<h2 class=\"elementor-heading-title elementor-size-default\">IRONIA E REFLEXIDADE NO PRIMEIRO CINEMA FEMINISTA LATINO-AMERICANO<\/h2>\t\t\t\t<\/div>\n\t\t\t\t<\/div>\n\t\t\t\t<div class=\"elementor-element elementor-element-7a48448 elementor-widget elementor-widget-image\" data-id=\"7a48448\" data-element_type=\"widget\" data-widget_type=\"image.default\">\n\t\t\t\t<div class=\"elementor-widget-container\">\n\t\t\t\t\t\t\t\t\t\t\t\t\t\t\t<img decoding=\"async\" width=\"200\" height=\"200\" src=\"https:\/\/mostracineconquista.com.br\/site\/wp-content\/uploads\/2025\/09\/foto-nina-tedesco.jpg\" class=\"attachment-full size-full wp-image-3313\" alt=\"\" srcset=\"https:\/\/mostracineconquista.com.br\/site\/wp-content\/uploads\/2025\/09\/foto-nina-tedesco.jpg 200w, https:\/\/mostracineconquista.com.br\/site\/wp-content\/uploads\/2025\/09\/foto-nina-tedesco-150x150.jpg 150w\" sizes=\"(max-width: 200px) 100vw, 200px\" \/>\t\t\t\t\t\t\t\t\t\t\t\t\t\t\t<\/div>\n\t\t\t\t<\/div>\n\t\t\t\t<div class=\"elementor-element elementor-element-fd8731c elementor-widget elementor-widget-text-editor\" data-id=\"fd8731c\" data-element_type=\"widget\" data-widget_type=\"text-editor.default\">\n\t\t\t\t<div class=\"elementor-widget-container\">\n\t\t\t\t\t\t\t\t\t<p><b>Com Nina Tedesco<br \/><\/b><span style=\"font-weight: 400;\">Diretora de fotografia e realizadora<\/span><\/p><p><i><span style=\"font-weight: 400;\">Na Am\u00e9rica Latina, a produ\u00e7\u00e3o de cinema feminista se adensou a partir de 1975, o Ano Internacional da Mulher da ONU. No entanto, alguns filmes muito importantes, e ainda n\u00e3o t\u00e3o conhecidos, foram produzidos no come\u00e7o da d\u00e9cada: El Mundo de la Mujer (Mar\u00eda Luisa Bemberg, Argentina, 1972), Hoy Medea, hoy (Manuela Gumucio, Chile, 1972) e Mi Aporte (Sara G\u00f3mez, Cuba, 1972). Nesta fala, trataremos da ironia e da reflexividade, caracter\u00edsticas importantes n\u00e3o apenas nestes document\u00e1rios, mas em muitas obras feministas do per\u00edodo.<\/span><\/i><\/p><p><b>Data: <\/b><span style=\"font-weight: 400;\">11 de setembro, 9 horas\u00a0<\/span><\/p><p><b>Local:<\/b> <span style=\"font-weight: 400;\">Centro de Cultura Camillo de Jesus Lima<\/span><\/p>\t\t\t\t\t\t\t\t<\/div>\n\t\t\t\t<\/div>\n\t\t\t\t\t<\/div>\n\t\t\t\t<\/div>\n\t\t\t\t\t<\/div>\n\t\t\t\t<\/div>\n\t\t<div class=\"elementor-element elementor-element-03622a4 e-flex e-con-boxed e-con e-parent\" data-id=\"03622a4\" data-element_type=\"container\" data-settings=\"{&quot;background_background&quot;:&quot;classic&quot;,&quot;jet_parallax_layout_list&quot;:[]}\">\n\t\t\t\t\t<div class=\"e-con-inner\">\n\t\t<div class=\"elementor-element elementor-element-9ff4630 e-flex e-con-boxed e-con e-child\" data-id=\"9ff4630\" data-element_type=\"container\" data-settings=\"{&quot;jet_parallax_layout_list&quot;:[]}\">\n\t\t\t\t\t<div class=\"e-con-inner\">\n\t\t\t\t<div class=\"elementor-element elementor-element-613d5ff elementor-widget elementor-widget-heading\" data-id=\"613d5ff\" data-element_type=\"widget\" data-widget_type=\"heading.default\">\n\t\t\t\t<div class=\"elementor-widget-container\">\n\t\t\t\t\t<h2 class=\"elementor-heading-title elementor-size-default\"><a href=\"https:\/\/docs.google.com\/forms\/d\/e\/1FAIpQLScgXLHOdL98xA2CT80uO8AJmpi81cGPfzDee6EnNhvh7hC66Q\/viewform\" target=\"_blank\">Confer\u00eancia<\/a><\/h2>\t\t\t\t<\/div>\n\t\t\t\t<\/div>\n\t\t\t\t<div class=\"elementor-element elementor-element-7d55ec3 elementor-widget elementor-widget-heading\" data-id=\"7d55ec3\" data-element_type=\"widget\" data-widget_type=\"heading.default\">\n\t\t\t\t<div class=\"elementor-widget-container\">\n\t\t\t\t\t<h2 class=\"elementor-heading-title elementor-size-default\">OS CAMINHOS DA PRODU\u00c7\u00c3O DE ANIMA\u00c7\u00c3O INDEPENDENTE NO BRASIL<\/h2>\t\t\t\t<\/div>\n\t\t\t\t<\/div>\n\t\t\t\t<div class=\"elementor-element elementor-element-f95b4e3 elementor-widget elementor-widget-image\" data-id=\"f95b4e3\" data-element_type=\"widget\" data-widget_type=\"image.default\">\n\t\t\t\t<div class=\"elementor-widget-container\">\n\t\t\t\t\t\t\t\t\t\t\t\t\t\t\t<img loading=\"lazy\" decoding=\"async\" width=\"200\" height=\"200\" src=\"https:\/\/mostracineconquista.com.br\/site\/wp-content\/uploads\/2025\/09\/foto-luma-flores.jpg\" class=\"attachment-full size-full wp-image-3314\" alt=\"\" srcset=\"https:\/\/mostracineconquista.com.br\/site\/wp-content\/uploads\/2025\/09\/foto-luma-flores.jpg 200w, https:\/\/mostracineconquista.com.br\/site\/wp-content\/uploads\/2025\/09\/foto-luma-flores-150x150.jpg 150w\" sizes=\"(max-width: 200px) 100vw, 200px\" \/>\t\t\t\t\t\t\t\t\t\t\t\t\t\t\t<\/div>\n\t\t\t\t<\/div>\n\t\t\t\t<div class=\"elementor-element elementor-element-43bac63 elementor-widget elementor-widget-text-editor\" data-id=\"43bac63\" data-element_type=\"widget\" data-widget_type=\"text-editor.default\">\n\t\t\t\t<div class=\"elementor-widget-container\">\n\t\t\t\t\t\t\t\t\t<p><b>Com Luma Fl\u00f4res<br \/><span style=\"font-weight: 400;\">Diretora de anima\u00e7\u00e3o, ilustradora e animadora<\/span><\/b><\/p><p><i><span style=\"font-weight: 400;\"> Na confer\u00eancia, a diretora e animadora Luma Fl\u00f4res compartilha sua experi\u00eancia \u00e0 frente da Anomura Filmes, produtora baiana de anima\u00e7\u00e3o, abordando o processo de realiza\u00e7\u00e3o de curtas de anima\u00e7\u00e3o e um panorama dos desafios e caminhos da anima\u00e7\u00e3o independente no Brasil atual, com um olhar especial para a produ\u00e7\u00e3o baiana.<\/span><\/i><\/p><p><b>Data: <\/b><span style=\"font-weight: 400;\">12 de setembro, 9 horas\u00a0<\/span><\/p><p><b>Local:<\/b> <span style=\"font-weight: 400;\">Centro de Cultura Camillo de Jesus Lima<\/span><\/p>\t\t\t\t\t\t\t\t<\/div>\n\t\t\t\t<\/div>\n\t\t\t\t\t<\/div>\n\t\t\t\t<\/div>\n\t\t\t\t\t<\/div>\n\t\t\t\t<\/div>\n\t\t\t\t<\/div>\n\t\t","protected":false},"excerpt":{"rendered":"<p>ATIVIDADES FORMATIVAS A Mostra Cinema Conquista &#8211; ANO 16 tamb\u00e9m \u00e9 espa\u00e7o de aprendizado e troca. Em parceria com a V Semana de Cinema e Audiovisual da Uesb e com o Programa Janela Indiscreta, a programa\u00e7\u00e3o inclui confer\u00eancias gratuitas, voltadas para quem deseja aprofundar conhecimentos no audiovisual brasileiro. Confer\u00eancia CINEMA DE QUINTAL: ENCONTRANDO UM JEITO [&hellip;]<\/p>\n","protected":false},"author":1,"featured_media":0,"parent":0,"menu_order":0,"comment_status":"closed","ping_status":"closed","template":"elementor_header_footer","meta":{"footnotes":""},"class_list":["post-3297","page","type-page","status-publish","hentry"],"yoast_head":"<!-- This site is optimized with the Yoast SEO plugin v25.8 - https:\/\/yoast.com\/wordpress\/plugins\/seo\/ -->\n<title>Confer\u00eancias - Mostra Cine Conquista<\/title>\n<meta name=\"robots\" content=\"index, follow, max-snippet:-1, max-image-preview:large, max-video-preview:-1\" \/>\n<link rel=\"canonical\" href=\"https:\/\/mostracineconquista.com.br\/site\/conferencias\/\" \/>\n<meta property=\"og:locale\" content=\"pt_BR\" \/>\n<meta property=\"og:type\" content=\"article\" \/>\n<meta property=\"og:title\" content=\"Confer\u00eancias - Mostra Cine Conquista\" \/>\n<meta property=\"og:description\" content=\"ATIVIDADES FORMATIVAS A Mostra Cinema Conquista &#8211; ANO 16 tamb\u00e9m \u00e9 espa\u00e7o de aprendizado e troca. Em parceria com a V Semana de Cinema e Audiovisual da Uesb e com o Programa Janela Indiscreta, a programa\u00e7\u00e3o inclui confer\u00eancias gratuitas, voltadas para quem deseja aprofundar conhecimentos no audiovisual brasileiro. Confer\u00eancia CINEMA DE QUINTAL: ENCONTRANDO UM JEITO [&hellip;]\" \/>\n<meta property=\"og:url\" content=\"https:\/\/mostracineconquista.com.br\/site\/conferencias\/\" \/>\n<meta property=\"og:site_name\" content=\"Mostra Cine Conquista\" \/>\n<meta property=\"article:modified_time\" content=\"2025-09-03T22:24:43+00:00\" \/>\n<meta property=\"og:image\" content=\"https:\/\/mostracineconquista.com.br\/site\/wp-content\/uploads\/2025\/09\/foto-paula-gomes.jpg\" \/>\n\t<meta property=\"og:image:width\" content=\"200\" \/>\n\t<meta property=\"og:image:height\" content=\"200\" \/>\n\t<meta property=\"og:image:type\" content=\"image\/jpeg\" \/>\n<meta name=\"twitter:card\" content=\"summary_large_image\" \/>\n<meta name=\"twitter:label1\" content=\"Est. tempo de leitura\" \/>\n\t<meta name=\"twitter:data1\" content=\"3 minutos\" \/>\n<script type=\"application\/ld+json\" class=\"yoast-schema-graph\">{\"@context\":\"https:\/\/schema.org\",\"@graph\":[{\"@type\":\"WebPage\",\"@id\":\"https:\/\/mostracineconquista.com.br\/site\/conferencias\/\",\"url\":\"https:\/\/mostracineconquista.com.br\/site\/conferencias\/\",\"name\":\"Confer\u00eancias - Mostra Cine Conquista\",\"isPartOf\":{\"@id\":\"https:\/\/mostracineconquista.com.br\/site\/#website\"},\"primaryImageOfPage\":{\"@id\":\"https:\/\/mostracineconquista.com.br\/site\/conferencias\/#primaryimage\"},\"image\":{\"@id\":\"https:\/\/mostracineconquista.com.br\/site\/conferencias\/#primaryimage\"},\"thumbnailUrl\":\"https:\/\/mostracineconquista.com.br\/site\/wp-content\/uploads\/2025\/09\/foto-paula-gomes.jpg\",\"datePublished\":\"2025-09-03T21:30:52+00:00\",\"dateModified\":\"2025-09-03T22:24:43+00:00\",\"breadcrumb\":{\"@id\":\"https:\/\/mostracineconquista.com.br\/site\/conferencias\/#breadcrumb\"},\"inLanguage\":\"pt-BR\",\"potentialAction\":[{\"@type\":\"ReadAction\",\"target\":[\"https:\/\/mostracineconquista.com.br\/site\/conferencias\/\"]}]},{\"@type\":\"ImageObject\",\"inLanguage\":\"pt-BR\",\"@id\":\"https:\/\/mostracineconquista.com.br\/site\/conferencias\/#primaryimage\",\"url\":\"https:\/\/mostracineconquista.com.br\/site\/wp-content\/uploads\/2025\/09\/foto-paula-gomes.jpg\",\"contentUrl\":\"https:\/\/mostracineconquista.com.br\/site\/wp-content\/uploads\/2025\/09\/foto-paula-gomes.jpg\",\"width\":200,\"height\":200},{\"@type\":\"BreadcrumbList\",\"@id\":\"https:\/\/mostracineconquista.com.br\/site\/conferencias\/#breadcrumb\",\"itemListElement\":[{\"@type\":\"ListItem\",\"position\":1,\"name\":\"In\u00edcio\",\"item\":\"https:\/\/mostracineconquista.com.br\/site\/\"},{\"@type\":\"ListItem\",\"position\":2,\"name\":\"Confer\u00eancias\"}]},{\"@type\":\"WebSite\",\"@id\":\"https:\/\/mostracineconquista.com.br\/site\/#website\",\"url\":\"https:\/\/mostracineconquista.com.br\/site\/\",\"name\":\"Mostra Cine Conquista\",\"description\":\"Mostra de Cinema - Um olhar para o novo cinema - Ano 16\",\"publisher\":{\"@id\":\"https:\/\/mostracineconquista.com.br\/site\/#organization\"},\"potentialAction\":[{\"@type\":\"SearchAction\",\"target\":{\"@type\":\"EntryPoint\",\"urlTemplate\":\"https:\/\/mostracineconquista.com.br\/site\/?s={search_term_string}\"},\"query-input\":{\"@type\":\"PropertyValueSpecification\",\"valueRequired\":true,\"valueName\":\"search_term_string\"}}],\"inLanguage\":\"pt-BR\"},{\"@type\":\"Organization\",\"@id\":\"https:\/\/mostracineconquista.com.br\/site\/#organization\",\"name\":\"Mostra Cine Conquista\",\"url\":\"https:\/\/mostracineconquista.com.br\/site\/\",\"logo\":{\"@type\":\"ImageObject\",\"inLanguage\":\"pt-BR\",\"@id\":\"https:\/\/mostracineconquista.com.br\/site\/#\/schema\/logo\/image\/\",\"url\":\"https:\/\/mostracineconquista.com.br\/site\/wp-content\/uploads\/2024\/06\/header-site-atualizado-setembro.jpg\",\"contentUrl\":\"https:\/\/mostracineconquista.com.br\/site\/wp-content\/uploads\/2024\/06\/header-site-atualizado-setembro.jpg\",\"width\":1920,\"height\":1080,\"caption\":\"Mostra Cine Conquista\"},\"image\":{\"@id\":\"https:\/\/mostracineconquista.com.br\/site\/#\/schema\/logo\/image\/\"},\"sameAs\":[\"https:\/\/www.instagram.com\/mostracinemaconquista\/\"]}]}<\/script>\n<!-- \/ Yoast SEO plugin. -->","yoast_head_json":{"title":"Confer\u00eancias - Mostra Cine Conquista","robots":{"index":"index","follow":"follow","max-snippet":"max-snippet:-1","max-image-preview":"max-image-preview:large","max-video-preview":"max-video-preview:-1"},"canonical":"https:\/\/mostracineconquista.com.br\/site\/conferencias\/","og_locale":"pt_BR","og_type":"article","og_title":"Confer\u00eancias - Mostra Cine Conquista","og_description":"ATIVIDADES FORMATIVAS A Mostra Cinema Conquista &#8211; ANO 16 tamb\u00e9m \u00e9 espa\u00e7o de aprendizado e troca. Em parceria com a V Semana de Cinema e Audiovisual da Uesb e com o Programa Janela Indiscreta, a programa\u00e7\u00e3o inclui confer\u00eancias gratuitas, voltadas para quem deseja aprofundar conhecimentos no audiovisual brasileiro. Confer\u00eancia CINEMA DE QUINTAL: ENCONTRANDO UM JEITO [&hellip;]","og_url":"https:\/\/mostracineconquista.com.br\/site\/conferencias\/","og_site_name":"Mostra Cine Conquista","article_modified_time":"2025-09-03T22:24:43+00:00","og_image":[{"width":200,"height":200,"url":"https:\/\/mostracineconquista.com.br\/site\/wp-content\/uploads\/2025\/09\/foto-paula-gomes.jpg","type":"image\/jpeg"}],"twitter_card":"summary_large_image","twitter_misc":{"Est. tempo de leitura":"3 minutos"},"schema":{"@context":"https:\/\/schema.org","@graph":[{"@type":"WebPage","@id":"https:\/\/mostracineconquista.com.br\/site\/conferencias\/","url":"https:\/\/mostracineconquista.com.br\/site\/conferencias\/","name":"Confer\u00eancias - Mostra Cine Conquista","isPartOf":{"@id":"https:\/\/mostracineconquista.com.br\/site\/#website"},"primaryImageOfPage":{"@id":"https:\/\/mostracineconquista.com.br\/site\/conferencias\/#primaryimage"},"image":{"@id":"https:\/\/mostracineconquista.com.br\/site\/conferencias\/#primaryimage"},"thumbnailUrl":"https:\/\/mostracineconquista.com.br\/site\/wp-content\/uploads\/2025\/09\/foto-paula-gomes.jpg","datePublished":"2025-09-03T21:30:52+00:00","dateModified":"2025-09-03T22:24:43+00:00","breadcrumb":{"@id":"https:\/\/mostracineconquista.com.br\/site\/conferencias\/#breadcrumb"},"inLanguage":"pt-BR","potentialAction":[{"@type":"ReadAction","target":["https:\/\/mostracineconquista.com.br\/site\/conferencias\/"]}]},{"@type":"ImageObject","inLanguage":"pt-BR","@id":"https:\/\/mostracineconquista.com.br\/site\/conferencias\/#primaryimage","url":"https:\/\/mostracineconquista.com.br\/site\/wp-content\/uploads\/2025\/09\/foto-paula-gomes.jpg","contentUrl":"https:\/\/mostracineconquista.com.br\/site\/wp-content\/uploads\/2025\/09\/foto-paula-gomes.jpg","width":200,"height":200},{"@type":"BreadcrumbList","@id":"https:\/\/mostracineconquista.com.br\/site\/conferencias\/#breadcrumb","itemListElement":[{"@type":"ListItem","position":1,"name":"In\u00edcio","item":"https:\/\/mostracineconquista.com.br\/site\/"},{"@type":"ListItem","position":2,"name":"Confer\u00eancias"}]},{"@type":"WebSite","@id":"https:\/\/mostracineconquista.com.br\/site\/#website","url":"https:\/\/mostracineconquista.com.br\/site\/","name":"Mostra Cine Conquista","description":"Mostra de Cinema - Um olhar para o novo cinema - Ano 16","publisher":{"@id":"https:\/\/mostracineconquista.com.br\/site\/#organization"},"potentialAction":[{"@type":"SearchAction","target":{"@type":"EntryPoint","urlTemplate":"https:\/\/mostracineconquista.com.br\/site\/?s={search_term_string}"},"query-input":{"@type":"PropertyValueSpecification","valueRequired":true,"valueName":"search_term_string"}}],"inLanguage":"pt-BR"},{"@type":"Organization","@id":"https:\/\/mostracineconquista.com.br\/site\/#organization","name":"Mostra Cine Conquista","url":"https:\/\/mostracineconquista.com.br\/site\/","logo":{"@type":"ImageObject","inLanguage":"pt-BR","@id":"https:\/\/mostracineconquista.com.br\/site\/#\/schema\/logo\/image\/","url":"https:\/\/mostracineconquista.com.br\/site\/wp-content\/uploads\/2024\/06\/header-site-atualizado-setembro.jpg","contentUrl":"https:\/\/mostracineconquista.com.br\/site\/wp-content\/uploads\/2024\/06\/header-site-atualizado-setembro.jpg","width":1920,"height":1080,"caption":"Mostra Cine Conquista"},"image":{"@id":"https:\/\/mostracineconquista.com.br\/site\/#\/schema\/logo\/image\/"},"sameAs":["https:\/\/www.instagram.com\/mostracinemaconquista\/"]}]}},"_links":{"self":[{"href":"https:\/\/mostracineconquista.com.br\/site\/wp-json\/wp\/v2\/pages\/3297","targetHints":{"allow":["GET"]}}],"collection":[{"href":"https:\/\/mostracineconquista.com.br\/site\/wp-json\/wp\/v2\/pages"}],"about":[{"href":"https:\/\/mostracineconquista.com.br\/site\/wp-json\/wp\/v2\/types\/page"}],"author":[{"embeddable":true,"href":"https:\/\/mostracineconquista.com.br\/site\/wp-json\/wp\/v2\/users\/1"}],"replies":[{"embeddable":true,"href":"https:\/\/mostracineconquista.com.br\/site\/wp-json\/wp\/v2\/comments?post=3297"}],"version-history":[{"count":4,"href":"https:\/\/mostracineconquista.com.br\/site\/wp-json\/wp\/v2\/pages\/3297\/revisions"}],"predecessor-version":[{"id":3317,"href":"https:\/\/mostracineconquista.com.br\/site\/wp-json\/wp\/v2\/pages\/3297\/revisions\/3317"}],"wp:attachment":[{"href":"https:\/\/mostracineconquista.com.br\/site\/wp-json\/wp\/v2\/media?parent=3297"}],"curies":[{"name":"wp","href":"https:\/\/api.w.org\/{rel}","templated":true}]}}