{"id":3299,"date":"2025-09-03T18:31:37","date_gmt":"2025-09-03T21:31:37","guid":{"rendered":"https:\/\/mostracineconquista.com.br\/site\/?page_id=3299"},"modified":"2025-09-03T19:41:28","modified_gmt":"2025-09-03T22:41:28","slug":"mesas-tematicas","status":"publish","type":"page","link":"https:\/\/mostracineconquista.com.br\/site\/mesas-tematicas\/","title":{"rendered":"Mesas Tem\u00e1ticas"},"content":{"rendered":"\t\t<div data-elementor-type=\"wp-page\" data-elementor-id=\"3299\" class=\"elementor elementor-3299\" data-elementor-post-type=\"page\">\n\t\t\t\t<div class=\"elementor-element elementor-element-cb367d8 e-con-full e-flex e-con e-parent\" data-id=\"cb367d8\" data-element_type=\"container\" data-settings=\"{&quot;background_background&quot;:&quot;classic&quot;,&quot;jet_parallax_layout_list&quot;:[]}\">\n\t\t<div class=\"elementor-element elementor-element-93271ed e-flex e-con-boxed e-con e-child\" data-id=\"93271ed\" data-element_type=\"container\" data-settings=\"{&quot;jet_parallax_layout_list&quot;:[]}\">\n\t\t\t\t\t<div class=\"e-con-inner\">\n\t\t\t\t<div class=\"elementor-element elementor-element-6b382f4 elementor-widget elementor-widget-heading\" data-id=\"6b382f4\" data-element_type=\"widget\" data-widget_type=\"heading.default\">\n\t\t\t\t<div class=\"elementor-widget-container\">\n\t\t\t\t\t<h2 class=\"elementor-heading-title elementor-size-default\">ATIVIDADES FORMATIVAS<\/h2>\t\t\t\t<\/div>\n\t\t\t\t<\/div>\n\t\t\t\t\t<\/div>\n\t\t\t\t<\/div>\n\t\t\t\t<\/div>\n\t\t<div class=\"elementor-element elementor-element-463cc84 e-flex e-con-boxed e-con e-parent\" data-id=\"463cc84\" data-element_type=\"container\" data-settings=\"{&quot;background_background&quot;:&quot;classic&quot;,&quot;jet_parallax_layout_list&quot;:[]}\">\n\t\t\t\t\t<div class=\"e-con-inner\">\n\t\t<div class=\"elementor-element elementor-element-08ee360 e-flex e-con-boxed e-con e-child\" data-id=\"08ee360\" data-element_type=\"container\" data-settings=\"{&quot;jet_parallax_layout_list&quot;:[]}\">\n\t\t\t\t\t<div class=\"e-con-inner\">\n\t\t\t\t<div class=\"elementor-element elementor-element-e87f491 elementor-widget elementor-widget-text-editor\" data-id=\"e87f491\" data-element_type=\"widget\" data-widget_type=\"text-editor.default\">\n\t\t\t\t<div class=\"elementor-widget-container\">\n\t\t\t\t\t\t\t\t\t<p><span style=\"font-weight: 400;\">A Mostra Cinema Conquista &#8211; ANO 16 tamb\u00e9m \u00e9 espa\u00e7o de aprendizado e troca. Em parceria com a V Semana de Cinema e Audiovisual da Uesb e com o Programa Janela Indiscreta, a programa\u00e7\u00e3o inclui mesas tem\u00e1ticas gratuitas, voltadas para quem deseja aprofundar conhecimentos no audiovisual brasileiro.<\/span><\/p>\t\t\t\t\t\t\t\t<\/div>\n\t\t\t\t<\/div>\n\t\t\t\t\t<\/div>\n\t\t\t\t<\/div>\n\t\t\t\t\t<\/div>\n\t\t\t\t<\/div>\n\t\t<div class=\"elementor-element elementor-element-c2643a7 e-flex e-con-boxed e-con e-parent\" data-id=\"c2643a7\" data-element_type=\"container\" data-settings=\"{&quot;background_background&quot;:&quot;classic&quot;,&quot;jet_parallax_layout_list&quot;:[]}\">\n\t\t\t\t\t<div class=\"e-con-inner\">\n\t\t<div class=\"elementor-element elementor-element-5e6386f e-flex e-con-boxed e-con e-child\" data-id=\"5e6386f\" data-element_type=\"container\" data-settings=\"{&quot;jet_parallax_layout_list&quot;:[]}\">\n\t\t\t\t\t<div class=\"e-con-inner\">\n\t\t\t\t<div class=\"elementor-element elementor-element-5ee0fd8 elementor-widget elementor-widget-heading\" data-id=\"5ee0fd8\" data-element_type=\"widget\" data-widget_type=\"heading.default\">\n\t\t\t\t<div class=\"elementor-widget-container\">\n\t\t\t\t\t<h2 class=\"elementor-heading-title elementor-size-default\">Mesa tem\u00e1tica<\/h2>\t\t\t\t<\/div>\n\t\t\t\t<\/div>\n\t\t\t\t<div class=\"elementor-element elementor-element-a07e02b elementor-widget elementor-widget-heading\" data-id=\"a07e02b\" data-element_type=\"widget\" data-widget_type=\"heading.default\">\n\t\t\t\t<div class=\"elementor-widget-container\">\n\t\t\t\t\t<h2 class=\"elementor-heading-title elementor-size-default\">CINEMA E AUDIOVISUAL NO INTERIOR: FORMA\u00c7\u00c3O, CADEIA PRODUTIVA E POL\u00cdTICAS CULTURAIS<\/h2>\t\t\t\t<\/div>\n\t\t\t\t<\/div>\n\t\t\t\t<div class=\"elementor-element elementor-element-d3aa04b elementor-widget elementor-widget-text-editor\" data-id=\"d3aa04b\" data-element_type=\"widget\" data-widget_type=\"text-editor.default\">\n\t\t\t\t<div class=\"elementor-widget-container\">\n\t\t\t\t\t\t\t\t\t<p><b>Marina Sena &#8211;<\/b> <span style=\"font-weight: 400;\">Coordenadora de Culturas Digitais da Diretoria de Audiovisual da Funda\u00e7\u00e3o Cultural do Estado da Bahia (FUNCEB)<\/span><\/p><p><b>Pola Ribeiro &#8211; <\/b><span style=\"font-weight: 400;\">Cineasta, representante da Bahia Filmes<\/span><\/p><p><b>Luis Ot\u00e1vio de Magalh\u00e3es &#8211; <\/b><span style=\"font-weight: 400;\">reitor da Uesb<\/span><\/p><p><span style=\"font-weight: 400;\">Media\u00e7\u00e3o: <\/span><b>Filipe Gama &#8211; <\/b><span style=\"font-weight: 400;\">curso de Cinema e Audiovisual da Uesb<\/span><\/p><p><b>Ementa:<\/b> <i><span style=\"font-weight: 400;\">O consumo, a produ\u00e7\u00e3o e a socializa\u00e7\u00e3o do cinema e do audiovisual em Vit\u00f3ria da Conquista e regi\u00e3o relacionam-se, historicamente, com processos de forma\u00e7\u00e3o cultural e pr\u00e1ticas sociais que contribu\u00edram para criar as possibilidades de implanta\u00e7\u00e3o do bacharelado em Cinema e Audiovisual da Uesb. \u00danico curso universit\u00e1rio na Bahia numa institui\u00e7\u00e3o p\u00fablica e vinculada ao Governo do Estado, a gradua\u00e7\u00e3o vem, desde a sua implanta\u00e7\u00e3o, em 2010, conformando novos contornos e possibilidades no contexto formativo e cultural regional e estadual. A proposta desta mesa \u00e9 discutir o campo de forma\u00e7\u00e3o, atua\u00e7\u00e3o profissional e a\u00e7\u00f5es p\u00fablicas de acesso e fomento ao cinema e audiovisual no interior da Bahia.\u00a0\u00a0<\/span><\/i><\/p><p><b>Data: <\/b><span style=\"font-weight: 400;\">8 de setembro, 9 horas<\/span><\/p><p><b>Local:<\/b> <span style=\"font-weight: 400;\">Centro de Cultura Camillo de Jesus Lima<\/span><\/p>\t\t\t\t\t\t\t\t<\/div>\n\t\t\t\t<\/div>\n\t\t\t\t\t<\/div>\n\t\t\t\t<\/div>\n\t\t\t\t\t<\/div>\n\t\t\t\t<\/div>\n\t\t<div class=\"elementor-element elementor-element-fb7ca5f e-flex e-con-boxed e-con e-parent\" data-id=\"fb7ca5f\" data-element_type=\"container\" data-settings=\"{&quot;background_background&quot;:&quot;classic&quot;,&quot;jet_parallax_layout_list&quot;:[]}\">\n\t\t\t\t\t<div class=\"e-con-inner\">\n\t\t<div class=\"elementor-element elementor-element-187ad1d e-flex e-con-boxed e-con e-child\" data-id=\"187ad1d\" data-element_type=\"container\" data-settings=\"{&quot;jet_parallax_layout_list&quot;:[]}\">\n\t\t\t\t\t<div class=\"e-con-inner\">\n\t\t\t\t<div class=\"elementor-element elementor-element-b85f26b elementor-widget elementor-widget-heading\" data-id=\"b85f26b\" data-element_type=\"widget\" data-widget_type=\"heading.default\">\n\t\t\t\t<div class=\"elementor-widget-container\">\n\t\t\t\t\t<h2 class=\"elementor-heading-title elementor-size-default\">Mesa tem\u00e1tica<\/h2>\t\t\t\t<\/div>\n\t\t\t\t<\/div>\n\t\t\t\t<div class=\"elementor-element elementor-element-5b3aa7a elementor-widget elementor-widget-heading\" data-id=\"5b3aa7a\" data-element_type=\"widget\" data-widget_type=\"heading.default\">\n\t\t\t\t<div class=\"elementor-widget-container\">\n\t\t\t\t\t<h2 class=\"elementor-heading-title elementor-size-default\">MEM\u00d3RIA E PRESERVA\u00c7\u00c3O EM CINEMA E AUDIOVISUAL: A\u00c7\u00d5ES, ACERVOS E ESPA\u00c7OS EM VIT\u00d3RIA DA CONQUISTA<\/h2>\t\t\t\t<\/div>\n\t\t\t\t<\/div>\n\t\t\t\t<div class=\"elementor-element elementor-element-fd8731c elementor-widget elementor-widget-text-editor\" data-id=\"fd8731c\" data-element_type=\"widget\" data-widget_type=\"text-editor.default\">\n\t\t\t\t<div class=\"elementor-widget-container\">\n\t\t\t\t\t\t\t\t\t<p><b>Marina Sena &#8211; <\/b><span style=\"font-weight: 400;\">Coordenadora de Culturas Digitais da Diretoria de Audiovisual da Funda\u00e7\u00e3o Cultural do Estado da Bahia (FUNCEB)<\/span><\/p><p><b>Milene Gusm\u00e3o &#8211; <\/b><span style=\"font-weight: 400;\">professora do curso de Cinema e Audiovisual e do<\/span><span style=\"font-weight: 400;\"> Programa de P\u00f3s-Gradua\u00e7\u00e3o Stricto Sensu em Mem\u00f3ria: Linguagem e Sociedade (PPGMLS) da Uesb<\/span><\/p><p><b>Eug\u00eanio Avelino Souza (Xangai) &#8211; <\/b><span style=\"font-weight: 400;\">Secret\u00e1rio Municipal de Cultura<\/span><\/p><p><b>Alexandre Magno &#8211; <\/b><span style=\"font-weight: 400;\">Assessor Especial da Secretaria Municipal de Cultura<\/span><\/p><p><span style=\"font-weight: 400;\">Media\u00e7\u00e3o:<\/span><b> Rayssa Coelho &#8211; <\/b><span style=\"font-weight: 400;\">Associa\u00e7\u00e3o do Setor Audiovisual do Sudoeste Baiano<\/span><\/p><p><b>Ementa:<\/b> <i><span style=\"font-weight: 400;\">Da frequ\u00eancia \u00e0s salas de cinema de rua, passando por iniciativas como colecionismo e cineclubismo, at\u00e9 a conforma\u00e7\u00e3o de um l\u00f3cus de produ\u00e7\u00e3o local, de relev\u00e2ncia estadual, o que se costuma chamar de voca\u00e7\u00e3o de Vit\u00f3ria da Conquista para o cinema e o audiovisual aponta para trajet\u00f3rias de agentes e estruturas que dizem respeito \u00e0 mem\u00f3ria, \u00e0 hist\u00f3ria e \u00e0 cultura de uma cidade e uma regi\u00e3o. Levantar, discutir, propor e garantir a exist\u00eancia, a import\u00e2ncia, a continuidade e o acesso a pr\u00e1ticas, lugares e acervos relacionados ao cinema e ao audiovisual s\u00e3o os objetivos desta mesa.\u00a0<\/span><\/i><\/p><p><b>Data: <\/b><span style=\"font-weight: 400;\">9 de setembro, 9 horas<\/span><\/p><p><b>Local:<\/b> <span style=\"font-weight: 400;\">Centro de Cultura Camillo de Jesus Lima<\/span><\/p>\t\t\t\t\t\t\t\t<\/div>\n\t\t\t\t<\/div>\n\t\t\t\t\t<\/div>\n\t\t\t\t<\/div>\n\t\t\t\t\t<\/div>\n\t\t\t\t<\/div>\n\t\t\t\t<\/div>\n\t\t","protected":false},"excerpt":{"rendered":"<p>ATIVIDADES FORMATIVAS A Mostra Cinema Conquista &#8211; ANO 16 tamb\u00e9m \u00e9 espa\u00e7o de aprendizado e troca. Em parceria com a V Semana de Cinema e Audiovisual da Uesb e com o Programa Janela Indiscreta, a programa\u00e7\u00e3o inclui mesas tem\u00e1ticas gratuitas, voltadas para quem deseja aprofundar conhecimentos no audiovisual brasileiro. Mesa tem\u00e1tica CINEMA E AUDIOVISUAL NO [&hellip;]<\/p>\n","protected":false},"author":1,"featured_media":0,"parent":0,"menu_order":0,"comment_status":"closed","ping_status":"closed","template":"elementor_header_footer","meta":{"footnotes":""},"class_list":["post-3299","page","type-page","status-publish","hentry"],"yoast_head":"<!-- This site is optimized with the Yoast SEO plugin v25.8 - https:\/\/yoast.com\/wordpress\/plugins\/seo\/ -->\n<title>Mesas Tem\u00e1ticas - Mostra Cine Conquista<\/title>\n<meta name=\"robots\" content=\"index, follow, max-snippet:-1, max-image-preview:large, max-video-preview:-1\" \/>\n<link rel=\"canonical\" href=\"https:\/\/mostracineconquista.com.br\/site\/mesas-tematicas\/\" \/>\n<meta property=\"og:locale\" content=\"pt_BR\" \/>\n<meta property=\"og:type\" content=\"article\" \/>\n<meta property=\"og:title\" content=\"Mesas Tem\u00e1ticas - Mostra Cine Conquista\" \/>\n<meta property=\"og:description\" content=\"ATIVIDADES FORMATIVAS A Mostra Cinema Conquista &#8211; ANO 16 tamb\u00e9m \u00e9 espa\u00e7o de aprendizado e troca. Em parceria com a V Semana de Cinema e Audiovisual da Uesb e com o Programa Janela Indiscreta, a programa\u00e7\u00e3o inclui mesas tem\u00e1ticas gratuitas, voltadas para quem deseja aprofundar conhecimentos no audiovisual brasileiro. Mesa tem\u00e1tica CINEMA E AUDIOVISUAL NO [&hellip;]\" \/>\n<meta property=\"og:url\" content=\"https:\/\/mostracineconquista.com.br\/site\/mesas-tematicas\/\" \/>\n<meta property=\"og:site_name\" content=\"Mostra Cine Conquista\" \/>\n<meta property=\"article:modified_time\" content=\"2025-09-03T22:41:28+00:00\" \/>\n<meta name=\"twitter:card\" content=\"summary_large_image\" \/>\n<meta name=\"twitter:label1\" content=\"Est. tempo de leitura\" \/>\n\t<meta name=\"twitter:data1\" content=\"3 minutos\" \/>\n<script type=\"application\/ld+json\" class=\"yoast-schema-graph\">{\"@context\":\"https:\/\/schema.org\",\"@graph\":[{\"@type\":\"WebPage\",\"@id\":\"https:\/\/mostracineconquista.com.br\/site\/mesas-tematicas\/\",\"url\":\"https:\/\/mostracineconquista.com.br\/site\/mesas-tematicas\/\",\"name\":\"Mesas Tem\u00e1ticas - Mostra Cine Conquista\",\"isPartOf\":{\"@id\":\"https:\/\/mostracineconquista.com.br\/site\/#website\"},\"datePublished\":\"2025-09-03T21:31:37+00:00\",\"dateModified\":\"2025-09-03T22:41:28+00:00\",\"breadcrumb\":{\"@id\":\"https:\/\/mostracineconquista.com.br\/site\/mesas-tematicas\/#breadcrumb\"},\"inLanguage\":\"pt-BR\",\"potentialAction\":[{\"@type\":\"ReadAction\",\"target\":[\"https:\/\/mostracineconquista.com.br\/site\/mesas-tematicas\/\"]}]},{\"@type\":\"BreadcrumbList\",\"@id\":\"https:\/\/mostracineconquista.com.br\/site\/mesas-tematicas\/#breadcrumb\",\"itemListElement\":[{\"@type\":\"ListItem\",\"position\":1,\"name\":\"In\u00edcio\",\"item\":\"https:\/\/mostracineconquista.com.br\/site\/\"},{\"@type\":\"ListItem\",\"position\":2,\"name\":\"Mesas Tem\u00e1ticas\"}]},{\"@type\":\"WebSite\",\"@id\":\"https:\/\/mostracineconquista.com.br\/site\/#website\",\"url\":\"https:\/\/mostracineconquista.com.br\/site\/\",\"name\":\"Mostra Cine Conquista\",\"description\":\"Mostra de Cinema - Um olhar para o novo cinema - Ano 16\",\"publisher\":{\"@id\":\"https:\/\/mostracineconquista.com.br\/site\/#organization\"},\"potentialAction\":[{\"@type\":\"SearchAction\",\"target\":{\"@type\":\"EntryPoint\",\"urlTemplate\":\"https:\/\/mostracineconquista.com.br\/site\/?s={search_term_string}\"},\"query-input\":{\"@type\":\"PropertyValueSpecification\",\"valueRequired\":true,\"valueName\":\"search_term_string\"}}],\"inLanguage\":\"pt-BR\"},{\"@type\":\"Organization\",\"@id\":\"https:\/\/mostracineconquista.com.br\/site\/#organization\",\"name\":\"Mostra Cine Conquista\",\"url\":\"https:\/\/mostracineconquista.com.br\/site\/\",\"logo\":{\"@type\":\"ImageObject\",\"inLanguage\":\"pt-BR\",\"@id\":\"https:\/\/mostracineconquista.com.br\/site\/#\/schema\/logo\/image\/\",\"url\":\"https:\/\/mostracineconquista.com.br\/site\/wp-content\/uploads\/2024\/06\/header-site-atualizado-setembro.jpg\",\"contentUrl\":\"https:\/\/mostracineconquista.com.br\/site\/wp-content\/uploads\/2024\/06\/header-site-atualizado-setembro.jpg\",\"width\":1920,\"height\":1080,\"caption\":\"Mostra Cine Conquista\"},\"image\":{\"@id\":\"https:\/\/mostracineconquista.com.br\/site\/#\/schema\/logo\/image\/\"},\"sameAs\":[\"https:\/\/www.instagram.com\/mostracinemaconquista\/\"]}]}<\/script>\n<!-- \/ Yoast SEO plugin. -->","yoast_head_json":{"title":"Mesas Tem\u00e1ticas - Mostra Cine Conquista","robots":{"index":"index","follow":"follow","max-snippet":"max-snippet:-1","max-image-preview":"max-image-preview:large","max-video-preview":"max-video-preview:-1"},"canonical":"https:\/\/mostracineconquista.com.br\/site\/mesas-tematicas\/","og_locale":"pt_BR","og_type":"article","og_title":"Mesas Tem\u00e1ticas - Mostra Cine Conquista","og_description":"ATIVIDADES FORMATIVAS A Mostra Cinema Conquista &#8211; ANO 16 tamb\u00e9m \u00e9 espa\u00e7o de aprendizado e troca. Em parceria com a V Semana de Cinema e Audiovisual da Uesb e com o Programa Janela Indiscreta, a programa\u00e7\u00e3o inclui mesas tem\u00e1ticas gratuitas, voltadas para quem deseja aprofundar conhecimentos no audiovisual brasileiro. Mesa tem\u00e1tica CINEMA E AUDIOVISUAL NO [&hellip;]","og_url":"https:\/\/mostracineconquista.com.br\/site\/mesas-tematicas\/","og_site_name":"Mostra Cine Conquista","article_modified_time":"2025-09-03T22:41:28+00:00","twitter_card":"summary_large_image","twitter_misc":{"Est. tempo de leitura":"3 minutos"},"schema":{"@context":"https:\/\/schema.org","@graph":[{"@type":"WebPage","@id":"https:\/\/mostracineconquista.com.br\/site\/mesas-tematicas\/","url":"https:\/\/mostracineconquista.com.br\/site\/mesas-tematicas\/","name":"Mesas Tem\u00e1ticas - Mostra Cine Conquista","isPartOf":{"@id":"https:\/\/mostracineconquista.com.br\/site\/#website"},"datePublished":"2025-09-03T21:31:37+00:00","dateModified":"2025-09-03T22:41:28+00:00","breadcrumb":{"@id":"https:\/\/mostracineconquista.com.br\/site\/mesas-tematicas\/#breadcrumb"},"inLanguage":"pt-BR","potentialAction":[{"@type":"ReadAction","target":["https:\/\/mostracineconquista.com.br\/site\/mesas-tematicas\/"]}]},{"@type":"BreadcrumbList","@id":"https:\/\/mostracineconquista.com.br\/site\/mesas-tematicas\/#breadcrumb","itemListElement":[{"@type":"ListItem","position":1,"name":"In\u00edcio","item":"https:\/\/mostracineconquista.com.br\/site\/"},{"@type":"ListItem","position":2,"name":"Mesas Tem\u00e1ticas"}]},{"@type":"WebSite","@id":"https:\/\/mostracineconquista.com.br\/site\/#website","url":"https:\/\/mostracineconquista.com.br\/site\/","name":"Mostra Cine Conquista","description":"Mostra de Cinema - Um olhar para o novo cinema - Ano 16","publisher":{"@id":"https:\/\/mostracineconquista.com.br\/site\/#organization"},"potentialAction":[{"@type":"SearchAction","target":{"@type":"EntryPoint","urlTemplate":"https:\/\/mostracineconquista.com.br\/site\/?s={search_term_string}"},"query-input":{"@type":"PropertyValueSpecification","valueRequired":true,"valueName":"search_term_string"}}],"inLanguage":"pt-BR"},{"@type":"Organization","@id":"https:\/\/mostracineconquista.com.br\/site\/#organization","name":"Mostra Cine Conquista","url":"https:\/\/mostracineconquista.com.br\/site\/","logo":{"@type":"ImageObject","inLanguage":"pt-BR","@id":"https:\/\/mostracineconquista.com.br\/site\/#\/schema\/logo\/image\/","url":"https:\/\/mostracineconquista.com.br\/site\/wp-content\/uploads\/2024\/06\/header-site-atualizado-setembro.jpg","contentUrl":"https:\/\/mostracineconquista.com.br\/site\/wp-content\/uploads\/2024\/06\/header-site-atualizado-setembro.jpg","width":1920,"height":1080,"caption":"Mostra Cine Conquista"},"image":{"@id":"https:\/\/mostracineconquista.com.br\/site\/#\/schema\/logo\/image\/"},"sameAs":["https:\/\/www.instagram.com\/mostracinemaconquista\/"]}]}},"_links":{"self":[{"href":"https:\/\/mostracineconquista.com.br\/site\/wp-json\/wp\/v2\/pages\/3299","targetHints":{"allow":["GET"]}}],"collection":[{"href":"https:\/\/mostracineconquista.com.br\/site\/wp-json\/wp\/v2\/pages"}],"about":[{"href":"https:\/\/mostracineconquista.com.br\/site\/wp-json\/wp\/v2\/types\/page"}],"author":[{"embeddable":true,"href":"https:\/\/mostracineconquista.com.br\/site\/wp-json\/wp\/v2\/users\/1"}],"replies":[{"embeddable":true,"href":"https:\/\/mostracineconquista.com.br\/site\/wp-json\/wp\/v2\/comments?post=3299"}],"version-history":[{"count":7,"href":"https:\/\/mostracineconquista.com.br\/site\/wp-json\/wp\/v2\/pages\/3299\/revisions"}],"predecessor-version":[{"id":3323,"href":"https:\/\/mostracineconquista.com.br\/site\/wp-json\/wp\/v2\/pages\/3299\/revisions\/3323"}],"wp:attachment":[{"href":"https:\/\/mostracineconquista.com.br\/site\/wp-json\/wp\/v2\/media?parent=3299"}],"curies":[{"name":"wp","href":"https:\/\/api.w.org\/{rel}","templated":true}]}}