{"id":3324,"date":"2025-09-03T19:42:22","date_gmt":"2025-09-03T22:42:22","guid":{"rendered":"https:\/\/mostracineconquista.com.br\/site\/?page_id=3324"},"modified":"2025-09-06T21:08:17","modified_gmt":"2025-09-07T00:08:17","slug":"creditos","status":"publish","type":"page","link":"https:\/\/mostracineconquista.com.br\/site\/creditos\/","title":{"rendered":"Cr\u00e9ditos"},"content":{"rendered":"\t\t<div data-elementor-type=\"wp-page\" data-elementor-id=\"3324\" class=\"elementor elementor-3324\" data-elementor-post-type=\"page\">\n\t\t\t\t<div class=\"elementor-element elementor-element-cb367d8 e-con-full e-flex e-con e-parent\" data-id=\"cb367d8\" data-element_type=\"container\" data-settings=\"{&quot;background_background&quot;:&quot;classic&quot;,&quot;jet_parallax_layout_list&quot;:[]}\">\n\t\t<div class=\"elementor-element elementor-element-93271ed e-flex e-con-boxed e-con e-child\" data-id=\"93271ed\" data-element_type=\"container\" data-settings=\"{&quot;jet_parallax_layout_list&quot;:[]}\">\n\t\t\t\t\t<div class=\"e-con-inner\">\n\t\t\t\t<div class=\"elementor-element elementor-element-6b382f4 elementor-widget elementor-widget-heading\" data-id=\"6b382f4\" data-element_type=\"widget\" data-widget_type=\"heading.default\">\n\t\t\t\t<div class=\"elementor-widget-container\">\n\t\t\t\t\t<h2 class=\"elementor-heading-title elementor-size-default\">Mostra Cinema Conquista \u2013 Ano 16<br><br>\n\nCR\u00c9DITOS\n<\/h2>\t\t\t\t<\/div>\n\t\t\t\t<\/div>\n\t\t\t\t\t<\/div>\n\t\t\t\t<\/div>\n\t\t\t\t<\/div>\n\t\t<div class=\"elementor-element elementor-element-463cc84 e-con-full e-flex e-con e-parent\" data-id=\"463cc84\" data-element_type=\"container\" data-settings=\"{&quot;background_background&quot;:&quot;classic&quot;,&quot;jet_parallax_layout_list&quot;:[]}\">\n\t\t<div class=\"elementor-element elementor-element-08ee360 e-flex e-con-boxed e-con e-child\" data-id=\"08ee360\" data-element_type=\"container\" data-settings=\"{&quot;jet_parallax_layout_list&quot;:[]}\">\n\t\t\t\t\t<div class=\"e-con-inner\">\n\t\t\t\t<div class=\"elementor-element elementor-element-e87f491 elementor-widget elementor-widget-text-editor\" data-id=\"e87f491\" data-element_type=\"widget\" data-widget_type=\"text-editor.default\">\n\t\t\t\t<div class=\"elementor-widget-container\">\n\t\t\t\t\t\t\t\t\t<p><strong>Cr\u00e9ditos Institucionais<\/strong><\/p><p><strong>GOVERNO DO ESTADO DA BAHIA<br \/><\/strong><b>Jer\u00f4nimo Rodrigues<\/b><span style=\"font-weight: 400;\"> &#8211; Governador<br \/><\/span><b>Bruno Monteiro<\/b><span style=\"font-weight: 400;\"> &#8211; Secret\u00e1rio Estadual de Cultural<br \/><\/span><b>Sara Prado<\/b><span style=\"font-weight: 400;\"> &#8211; Diretora da Funda\u00e7\u00e3o Cultural do Estado da Bahia (FUNCEB)<br \/><\/span><b>Daiane Silva <\/b><span style=\"font-weight: 400;\">&#8211; Diretora de Audiovisual (DIMAS)<\/span><\/p><p><b>PREFEITURA MUNICIPAL DE VIT\u00d3RIA DA CONQUISTA<br \/><\/b><b>Ana Sheila Lemos Andrade<\/b><span style=\"font-weight: 400;\"> &#8211; Prefeita<br \/><\/span><b>Eug\u00eanio Avelino Lopes Souza<\/b><span style=\"font-weight: 400;\"> &#8211; Secret\u00e1rio Municipal de Cultura<br \/><\/span><b>Alecxandre Magno Melquisedeque<\/b><span style=\"font-weight: 400;\"> &#8211; Coordenador de Cultura<\/span><\/p><p><b>UNIVERSIDADE ESTADUAL DO SUDOESTE DA BAHIA<br \/><\/b><b>Luiz Ot\u00e1vio de Magalh\u00e3es<\/b><span style=\"font-weight: 400;\"> &#8211; Reitor<br \/><\/span><b>Marcos Henrique Fernandes<\/b><span style=\"font-weight: 400;\"> &#8211; Vice-reitor<br \/><\/span><b>Weslei Piau <\/b><span style=\"font-weight: 400;\">&#8211; Chefe de Gabinete<br \/><\/span><b>M\u00e1rcio Ven\u00e2ncio<\/b><span style=\"font-weight: 400;\"> &#8211; Coordenador do Colegiado de Cinema e Audiovisual<br \/><\/span><b>Filipe Gama<\/b><span style=\"font-weight: 400;\"> &#8211; Vice-coordenador do Colegiado de Cinema e Audiovisual<br \/><\/span><b>Raquel Costa<\/b><span style=\"font-weight: 400;\"> &#8211; Coordenadora do Programa Janela Indiscreta<\/span><\/p><p><b>CENTRO DE CULTURA CAMILLO DE JESUS LIMA<br \/><\/b><b>Vict\u00f3ria Gomes Vieira <\/b><span style=\"font-weight: 400;\">&#8211; Coordenadora<br \/><\/span><b>Tales Brito Fernandes<\/b><span style=\"font-weight: 400;\"> &#8211; Auxiliar Administrativo<\/span><\/p>\t\t\t\t\t\t\t\t<\/div>\n\t\t\t\t<\/div>\n\t\t\t\t\t<\/div>\n\t\t\t\t<\/div>\n\t\t\t\t<\/div>\n\t\t<div class=\"elementor-element elementor-element-a2e3896 e-con-full e-flex e-con e-parent\" data-id=\"a2e3896\" data-element_type=\"container\" data-settings=\"{&quot;background_background&quot;:&quot;classic&quot;,&quot;jet_parallax_layout_list&quot;:[]}\">\n\t\t<div class=\"elementor-element elementor-element-98c5afd e-flex e-con-boxed e-con e-child\" data-id=\"98c5afd\" data-element_type=\"container\" data-settings=\"{&quot;jet_parallax_layout_list&quot;:[]}\">\n\t\t\t\t\t<div class=\"e-con-inner\">\n\t\t\t\t<div class=\"elementor-element elementor-element-1c49f64 elementor-widget elementor-widget-text-editor\" data-id=\"1c49f64\" data-element_type=\"widget\" data-widget_type=\"text-editor.default\">\n\t\t\t\t<div class=\"elementor-widget-container\">\n\t\t\t\t\t\t\t\t\t<p><b>FICHA T\u00c9CNICA<\/b><\/p><p><span style=\"font-weight: 400;\">Idealiza\u00e7\u00e3o\/Coordena\u00e7\u00e3o-geral:<br \/><\/span><b>Esmon Primo<\/b><\/p><p><span style=\"font-weight: 400;\">Curadoria:<br \/><\/span><b>Rafael Carvalho<br \/><\/b><b>Esmon Primo<\/b><\/p><p><span style=\"font-weight: 400;\">Atividades Formativas<br \/><\/span><b>Rayssa Coelho<\/b> <i><span style=\"font-weight: 400;\">&#8211; Coordena\u00e7\u00e3o Formativa<br \/><\/span><\/i><b>Yasmin Rocha<\/b> <i><span style=\"font-weight: 400;\">&#8211; Produ\u00e7\u00e3o<br \/><\/span><\/i><b>Danielly Maca\u00fabas<\/b> <i><span style=\"font-weight: 400;\">&#8211; Assistente de Produ\u00e7\u00e3o<br \/><\/span><\/i><b>Gabriel Guedes<\/b> <i><span style=\"font-weight: 400;\">&#8211; Assistente de Produ\u00e7\u00e3o<br \/><\/span><\/i><b>Anderson Rosa<\/b><i><span style=\"font-weight: 400;\"> &#8211; Produ\u00e7\u00e3o T\u00e9cnica<br \/><\/span><\/i><b>Raul Ribeiro<\/b> <i><span style=\"font-weight: 400;\">&#8211; Produ\u00e7\u00e3o T\u00e9cnica<br \/><\/span><\/i><b>Cristiano Palmeira <\/b><b><i>&#8211; <\/i><\/b><i><span style=\"font-weight: 400;\">Monitor<br \/><\/span><\/i><b>Ana Carolina Matos <\/b><b><i>&#8211; <\/i><\/b><i><span style=\"font-weight: 400;\">Monitora<br \/><\/span><\/i><b>Glauber Lacerda<\/b> <i><span style=\"font-weight: 400;\">&#8211; Coordena\u00e7\u00e3o da V Semana de Cinema e Audiovisual<\/span><\/i><\/p><p><span style=\"font-weight: 400;\">Produ\u00e7\u00e3o Executiva:<br \/><\/span><b>Karina Costa<\/b><\/p><p><span style=\"font-weight: 400;\">Coordena\u00e7\u00e3o de Produ\u00e7\u00e3o:<br \/><\/span><b>Ana Luiza Dias<\/b><\/p><p><span style=\"font-weight: 400;\">Produ\u00e7\u00e3o \/ Log\u00edstica:<br \/><\/span><b>Gilmar Dantas<\/b><\/p><p><span style=\"font-weight: 400;\">Coordena\u00e7\u00e3o de Comunica\u00e7\u00e3o \/ Social Media:<br \/><\/span><b>Mariana Lacerda<\/b><\/p><p><span style=\"font-weight: 400;\">Assessoria de Imprensa:<br \/><\/span><b>Ana Paula Marques<\/b><\/p><p><span style=\"font-weight: 400;\">Cobertura Videogr\u00e1fica:<br \/><\/span><b>\u00c9rika Camargo<\/b><\/p><p><span style=\"font-weight: 400;\">Cobertura Fotogr\u00e1fica:<br \/><\/span><b>Nagual Pardo<br \/><\/b><b>Ana Val\u00e9ria Souza<br \/><\/b><\/p><p><span style=\"font-weight: 400;\">Comunica\u00e7\u00e3o Visual \/ Designer:<br \/><\/span><b>Ana Luiza Dias<\/b><\/p><p><span style=\"font-weight: 400;\">Webdesigner:<br \/><\/span><b>Dois Altos Tecnologias Digitais<\/b><\/p><p><span style=\"font-weight: 400;\">Videografia:<br \/><\/span><b>Thiago S\u00e1<\/b><\/p><p><span style=\"font-weight: 400;\">Cerimonial:<br \/><\/span><b>Ad\u00e3o Albuquerque<br \/><\/b><b>Jadiane Maciel<\/b><\/p><p><span style=\"font-weight: 400;\">Arte (Trof\u00e9u e Instala\u00e7\u00e3o):<br \/><\/span><b>Edmilson Santana<\/b><\/p><p><span style=\"font-weight: 400;\">T\u00e9cnico de Proje\u00e7\u00e3o:<br \/><\/span><b>Georgen Pereira<\/b><\/p><p><span style=\"font-weight: 400;\">T\u00e9cnica de Sonoriza\u00e7\u00e3o:<br \/><\/span><b>Raiane Lima<\/b><\/p><p><span style=\"font-weight: 400;\">Assistentes de Produ\u00e7\u00e3o:<br \/><\/span><b>Thaty Roots<br \/><\/b><b>Ana Luiza Andrade<br \/><\/b><b>Carolina Rodrigues<br \/><\/b><b>Aminne Zamilute<\/b><\/p><p><span style=\"font-weight: 400;\">Sonoriza\u00e7\u00e3o\/Ilumina\u00e7\u00e3o:<br \/><\/span><b>Niel Sonoriza\u00e7\u00e3o<\/b><\/p><p><span style=\"font-weight: 400;\">Int\u00e9rpretes de Libras:<br \/><\/span><b>Jaqueline Fran\u00e7a<br \/><\/b><b>Cleber Rodrigues<\/b><b><br \/><\/b><b>Janiny Seles Bispo<br \/><\/b><b>Kelly Cristina Alves<\/b><\/p><p><span style=\"font-weight: 400;\">Motoristas:<br \/><\/span><b>Omex Transportes<\/b><\/p><p><span style=\"font-weight: 400;\">Mostra Cine-Tenda (Pra\u00e7a):<br \/><\/span><b>Paulo Pereira<\/b> <i><span style=\"font-weight: 400;\">&#8211; Coordena\u00e7\u00e3o T\u00e9cnica<br \/><\/span><\/i><b>Alice Mendes<\/b> <i><span style=\"font-weight: 400;\">&#8211; Produ\u00e7\u00e3o<\/span><\/i><\/p><p><span style=\"font-weight: 400;\">Mostra Itinerante (Distritos):<br \/><\/span><b>Vivaldo Le\u00e3o (Sabi\u00e1)<\/b> <i><span style=\"font-weight: 400;\">&#8211; Coordena\u00e7\u00e3o T\u00e9cnica<br \/><\/span><\/i><b>Herm\u00ednio Neto<\/b> <i><span style=\"font-weight: 400;\">&#8211; T\u00e9cnico de Proje\u00e7\u00e3o e Sonoriza\u00e7\u00e3o<br \/><\/span><\/i><b>Cesar Carvalho<\/b> <i><span style=\"font-weight: 400;\">&#8211; Assistente de Produ\u00e7\u00e3o<br \/><\/span><\/i><b>Fernanda Sousa <\/b><i><span style=\"font-weight: 400;\">&#8211; Assistente de Produ\u00e7\u00e3o<\/span><\/i><\/p>\t\t\t\t\t\t\t\t<\/div>\n\t\t\t\t<\/div>\n\t\t\t\t\t<\/div>\n\t\t\t\t<\/div>\n\t\t\t\t<\/div>\n\t\t<div class=\"elementor-element elementor-element-384e357 e-con-full e-flex e-con e-parent\" data-id=\"384e357\" data-element_type=\"container\" data-settings=\"{&quot;background_background&quot;:&quot;classic&quot;,&quot;jet_parallax_layout_list&quot;:[]}\">\n\t\t<div class=\"elementor-element elementor-element-ca9895a e-flex e-con-boxed e-con e-child\" data-id=\"ca9895a\" data-element_type=\"container\" data-settings=\"{&quot;jet_parallax_layout_list&quot;:[]}\">\n\t\t\t\t\t<div class=\"e-con-inner\">\n\t\t\t\t<div class=\"elementor-element elementor-element-3ed8f19 elementor-widget elementor-widget-text-editor\" data-id=\"3ed8f19\" data-element_type=\"widget\" data-widget_type=\"text-editor.default\">\n\t\t\t\t<div class=\"elementor-widget-container\">\n\t\t\t\t\t\t\t\t\t<p><span style=\"font-weight: 400;\">Realiza\u00e7\u00e3o:<br \/><\/span><b>Movimenta Cultura e Arte<\/b><\/p><p><span style=\"font-weight: 400;\">Parcerias:<br \/><\/span><b>Programa Janela Indiscreta \/ Uesb<br \/><\/b><b>Curso de Cinema e Audiovisual da Uesb<\/b><\/p><p><span style=\"font-weight: 400;\">Apoio Institucional:<br \/><\/span><b>Prefeitura Municipal de Vit\u00f3ria da Conquista<br \/><\/b><b>Centro de Cultura Camillo de Jesus Lima<\/b><\/p><p><span style=\"font-weight: 400;\">Apoio Financeiro:<br \/><\/span><b>Paulo Gustavo Bahia \/ Secretaria de Cultura \/ Governo do Estado da Bahia \/ Lei Paulo Gustavo \/ Minist\u00e9rio da Cultura \/ Governo Federal<\/b><\/p>\t\t\t\t\t\t\t\t<\/div>\n\t\t\t\t<\/div>\n\t\t\t\t\t<\/div>\n\t\t\t\t<\/div>\n\t\t\t\t<\/div>\n\t\t\t\t<\/div>\n\t\t","protected":false},"excerpt":{"rendered":"<p>Mostra Cinema Conquista \u2013 Ano 16 CR\u00c9DITOS Cr\u00e9ditos Institucionais GOVERNO DO ESTADO DA BAHIAJer\u00f4nimo Rodrigues &#8211; GovernadorBruno Monteiro &#8211; Secret\u00e1rio Estadual de CulturalSara Prado &#8211; Diretora da Funda\u00e7\u00e3o Cultural do Estado da Bahia (FUNCEB)Daiane Silva &#8211; Diretora de Audiovisual (DIMAS) PREFEITURA MUNICIPAL DE VIT\u00d3RIA DA CONQUISTAAna Sheila Lemos Andrade &#8211; PrefeitaEug\u00eanio Avelino Lopes Souza &#8211; [&hellip;]<\/p>\n","protected":false},"author":1,"featured_media":0,"parent":0,"menu_order":0,"comment_status":"closed","ping_status":"closed","template":"elementor_header_footer","meta":{"footnotes":""},"class_list":["post-3324","page","type-page","status-publish","hentry"],"yoast_head":"<!-- This site is optimized with the Yoast SEO plugin v25.8 - https:\/\/yoast.com\/wordpress\/plugins\/seo\/ -->\n<title>Cr\u00e9ditos - Mostra Cine Conquista<\/title>\n<meta name=\"robots\" content=\"index, follow, max-snippet:-1, max-image-preview:large, max-video-preview:-1\" \/>\n<link rel=\"canonical\" href=\"https:\/\/mostracineconquista.com.br\/site\/creditos\/\" \/>\n<meta property=\"og:locale\" content=\"pt_BR\" \/>\n<meta property=\"og:type\" content=\"article\" \/>\n<meta property=\"og:title\" content=\"Cr\u00e9ditos - Mostra Cine Conquista\" \/>\n<meta property=\"og:description\" content=\"Mostra Cinema Conquista \u2013 Ano 16 CR\u00c9DITOS Cr\u00e9ditos Institucionais GOVERNO DO ESTADO DA BAHIAJer\u00f4nimo Rodrigues &#8211; GovernadorBruno Monteiro &#8211; Secret\u00e1rio Estadual de CulturalSara Prado &#8211; Diretora da Funda\u00e7\u00e3o Cultural do Estado da Bahia (FUNCEB)Daiane Silva &#8211; Diretora de Audiovisual (DIMAS) PREFEITURA MUNICIPAL DE VIT\u00d3RIA DA CONQUISTAAna Sheila Lemos Andrade &#8211; PrefeitaEug\u00eanio Avelino Lopes Souza &#8211; [&hellip;]\" \/>\n<meta property=\"og:url\" content=\"https:\/\/mostracineconquista.com.br\/site\/creditos\/\" \/>\n<meta property=\"og:site_name\" content=\"Mostra Cine Conquista\" \/>\n<meta property=\"article:modified_time\" content=\"2025-09-07T00:08:17+00:00\" \/>\n<meta name=\"twitter:card\" content=\"summary_large_image\" \/>\n<meta name=\"twitter:label1\" content=\"Est. tempo de leitura\" \/>\n\t<meta name=\"twitter:data1\" content=\"3 minutos\" \/>\n<script type=\"application\/ld+json\" class=\"yoast-schema-graph\">{\"@context\":\"https:\/\/schema.org\",\"@graph\":[{\"@type\":\"WebPage\",\"@id\":\"https:\/\/mostracineconquista.com.br\/site\/creditos\/\",\"url\":\"https:\/\/mostracineconquista.com.br\/site\/creditos\/\",\"name\":\"Cr\u00e9ditos - Mostra Cine Conquista\",\"isPartOf\":{\"@id\":\"https:\/\/mostracineconquista.com.br\/site\/#website\"},\"datePublished\":\"2025-09-03T22:42:22+00:00\",\"dateModified\":\"2025-09-07T00:08:17+00:00\",\"breadcrumb\":{\"@id\":\"https:\/\/mostracineconquista.com.br\/site\/creditos\/#breadcrumb\"},\"inLanguage\":\"pt-BR\",\"potentialAction\":[{\"@type\":\"ReadAction\",\"target\":[\"https:\/\/mostracineconquista.com.br\/site\/creditos\/\"]}]},{\"@type\":\"BreadcrumbList\",\"@id\":\"https:\/\/mostracineconquista.com.br\/site\/creditos\/#breadcrumb\",\"itemListElement\":[{\"@type\":\"ListItem\",\"position\":1,\"name\":\"In\u00edcio\",\"item\":\"https:\/\/mostracineconquista.com.br\/site\/\"},{\"@type\":\"ListItem\",\"position\":2,\"name\":\"Cr\u00e9ditos\"}]},{\"@type\":\"WebSite\",\"@id\":\"https:\/\/mostracineconquista.com.br\/site\/#website\",\"url\":\"https:\/\/mostracineconquista.com.br\/site\/\",\"name\":\"Mostra Cine Conquista\",\"description\":\"Mostra de Cinema - Um olhar para o novo cinema - Ano 16\",\"publisher\":{\"@id\":\"https:\/\/mostracineconquista.com.br\/site\/#organization\"},\"potentialAction\":[{\"@type\":\"SearchAction\",\"target\":{\"@type\":\"EntryPoint\",\"urlTemplate\":\"https:\/\/mostracineconquista.com.br\/site\/?s={search_term_string}\"},\"query-input\":{\"@type\":\"PropertyValueSpecification\",\"valueRequired\":true,\"valueName\":\"search_term_string\"}}],\"inLanguage\":\"pt-BR\"},{\"@type\":\"Organization\",\"@id\":\"https:\/\/mostracineconquista.com.br\/site\/#organization\",\"name\":\"Mostra Cine Conquista\",\"url\":\"https:\/\/mostracineconquista.com.br\/site\/\",\"logo\":{\"@type\":\"ImageObject\",\"inLanguage\":\"pt-BR\",\"@id\":\"https:\/\/mostracineconquista.com.br\/site\/#\/schema\/logo\/image\/\",\"url\":\"https:\/\/mostracineconquista.com.br\/site\/wp-content\/uploads\/2024\/06\/header-site-atualizado-setembro.jpg\",\"contentUrl\":\"https:\/\/mostracineconquista.com.br\/site\/wp-content\/uploads\/2024\/06\/header-site-atualizado-setembro.jpg\",\"width\":1920,\"height\":1080,\"caption\":\"Mostra Cine Conquista\"},\"image\":{\"@id\":\"https:\/\/mostracineconquista.com.br\/site\/#\/schema\/logo\/image\/\"},\"sameAs\":[\"https:\/\/www.instagram.com\/mostracinemaconquista\/\"]}]}<\/script>\n<!-- \/ Yoast SEO plugin. -->","yoast_head_json":{"title":"Cr\u00e9ditos - Mostra Cine Conquista","robots":{"index":"index","follow":"follow","max-snippet":"max-snippet:-1","max-image-preview":"max-image-preview:large","max-video-preview":"max-video-preview:-1"},"canonical":"https:\/\/mostracineconquista.com.br\/site\/creditos\/","og_locale":"pt_BR","og_type":"article","og_title":"Cr\u00e9ditos - Mostra Cine Conquista","og_description":"Mostra Cinema Conquista \u2013 Ano 16 CR\u00c9DITOS Cr\u00e9ditos Institucionais GOVERNO DO ESTADO DA BAHIAJer\u00f4nimo Rodrigues &#8211; GovernadorBruno Monteiro &#8211; Secret\u00e1rio Estadual de CulturalSara Prado &#8211; Diretora da Funda\u00e7\u00e3o Cultural do Estado da Bahia (FUNCEB)Daiane Silva &#8211; Diretora de Audiovisual (DIMAS) PREFEITURA MUNICIPAL DE VIT\u00d3RIA DA CONQUISTAAna Sheila Lemos Andrade &#8211; PrefeitaEug\u00eanio Avelino Lopes Souza &#8211; [&hellip;]","og_url":"https:\/\/mostracineconquista.com.br\/site\/creditos\/","og_site_name":"Mostra Cine Conquista","article_modified_time":"2025-09-07T00:08:17+00:00","twitter_card":"summary_large_image","twitter_misc":{"Est. tempo de leitura":"3 minutos"},"schema":{"@context":"https:\/\/schema.org","@graph":[{"@type":"WebPage","@id":"https:\/\/mostracineconquista.com.br\/site\/creditos\/","url":"https:\/\/mostracineconquista.com.br\/site\/creditos\/","name":"Cr\u00e9ditos - Mostra Cine Conquista","isPartOf":{"@id":"https:\/\/mostracineconquista.com.br\/site\/#website"},"datePublished":"2025-09-03T22:42:22+00:00","dateModified":"2025-09-07T00:08:17+00:00","breadcrumb":{"@id":"https:\/\/mostracineconquista.com.br\/site\/creditos\/#breadcrumb"},"inLanguage":"pt-BR","potentialAction":[{"@type":"ReadAction","target":["https:\/\/mostracineconquista.com.br\/site\/creditos\/"]}]},{"@type":"BreadcrumbList","@id":"https:\/\/mostracineconquista.com.br\/site\/creditos\/#breadcrumb","itemListElement":[{"@type":"ListItem","position":1,"name":"In\u00edcio","item":"https:\/\/mostracineconquista.com.br\/site\/"},{"@type":"ListItem","position":2,"name":"Cr\u00e9ditos"}]},{"@type":"WebSite","@id":"https:\/\/mostracineconquista.com.br\/site\/#website","url":"https:\/\/mostracineconquista.com.br\/site\/","name":"Mostra Cine Conquista","description":"Mostra de Cinema - Um olhar para o novo cinema - Ano 16","publisher":{"@id":"https:\/\/mostracineconquista.com.br\/site\/#organization"},"potentialAction":[{"@type":"SearchAction","target":{"@type":"EntryPoint","urlTemplate":"https:\/\/mostracineconquista.com.br\/site\/?s={search_term_string}"},"query-input":{"@type":"PropertyValueSpecification","valueRequired":true,"valueName":"search_term_string"}}],"inLanguage":"pt-BR"},{"@type":"Organization","@id":"https:\/\/mostracineconquista.com.br\/site\/#organization","name":"Mostra Cine Conquista","url":"https:\/\/mostracineconquista.com.br\/site\/","logo":{"@type":"ImageObject","inLanguage":"pt-BR","@id":"https:\/\/mostracineconquista.com.br\/site\/#\/schema\/logo\/image\/","url":"https:\/\/mostracineconquista.com.br\/site\/wp-content\/uploads\/2024\/06\/header-site-atualizado-setembro.jpg","contentUrl":"https:\/\/mostracineconquista.com.br\/site\/wp-content\/uploads\/2024\/06\/header-site-atualizado-setembro.jpg","width":1920,"height":1080,"caption":"Mostra Cine Conquista"},"image":{"@id":"https:\/\/mostracineconquista.com.br\/site\/#\/schema\/logo\/image\/"},"sameAs":["https:\/\/www.instagram.com\/mostracinemaconquista\/"]}]}},"_links":{"self":[{"href":"https:\/\/mostracineconquista.com.br\/site\/wp-json\/wp\/v2\/pages\/3324","targetHints":{"allow":["GET"]}}],"collection":[{"href":"https:\/\/mostracineconquista.com.br\/site\/wp-json\/wp\/v2\/pages"}],"about":[{"href":"https:\/\/mostracineconquista.com.br\/site\/wp-json\/wp\/v2\/types\/page"}],"author":[{"embeddable":true,"href":"https:\/\/mostracineconquista.com.br\/site\/wp-json\/wp\/v2\/users\/1"}],"replies":[{"embeddable":true,"href":"https:\/\/mostracineconquista.com.br\/site\/wp-json\/wp\/v2\/comments?post=3324"}],"version-history":[{"count":22,"href":"https:\/\/mostracineconquista.com.br\/site\/wp-json\/wp\/v2\/pages\/3324\/revisions"}],"predecessor-version":[{"id":3400,"href":"https:\/\/mostracineconquista.com.br\/site\/wp-json\/wp\/v2\/pages\/3324\/revisions\/3400"}],"wp:attachment":[{"href":"https:\/\/mostracineconquista.com.br\/site\/wp-json\/wp\/v2\/media?parent=3324"}],"curies":[{"name":"wp","href":"https:\/\/api.w.org\/{rel}","templated":true}]}}