{"id":830,"date":"2024-06-30T20:26:09","date_gmt":"2024-06-30T23:26:09","guid":{"rendered":"https:\/\/cinemovimenta.com.br\/centro\/?page_id=830"},"modified":"2025-09-06T20:27:11","modified_gmt":"2025-09-06T23:27:11","slug":"apresentacao","status":"publish","type":"page","link":"https:\/\/mostracineconquista.com.br\/site\/apresentacao\/","title":{"rendered":"Apresenta\u00e7\u00e3o"},"content":{"rendered":"\t\t<div data-elementor-type=\"wp-page\" data-elementor-id=\"830\" class=\"elementor elementor-830\" data-elementor-post-type=\"page\">\n\t\t\t\t<div class=\"elementor-element elementor-element-cdb711c e-con-full e-flex e-con e-parent\" data-id=\"cdb711c\" data-element_type=\"container\" data-settings=\"{&quot;jet_parallax_layout_list&quot;:[]}\">\n\t\t<div class=\"elementor-element elementor-element-5780ab7 e-con-full jedv-enabled--yes e-flex e-con e-child\" data-id=\"5780ab7\" data-element_type=\"container\" data-settings=\"{&quot;jet_parallax_layout_list&quot;:[]}\">\n\t\t\t\t<\/div>\n\t\t<div class=\"elementor-element elementor-element-4a103ee e-flex e-con-boxed e-con e-child\" data-id=\"4a103ee\" data-element_type=\"container\" data-settings=\"{&quot;jet_parallax_layout_list&quot;:[]}\">\n\t\t\t\t\t<div class=\"e-con-inner\">\n\t\t\t\t<div class=\"elementor-element elementor-element-b154da4 elementor-widget elementor-widget-heading\" data-id=\"b154da4\" data-element_type=\"widget\" data-widget_type=\"heading.default\">\n\t\t\t\t<div class=\"elementor-widget-container\">\n\t\t\t\t\t<h2 class=\"elementor-heading-title elementor-size-default\">Mostra Cinema Conquista - Um olhar para o novo cinema<br>16\u00aa Edi\u00e7\u00e3o<\/h2>\t\t\t\t<\/div>\n\t\t\t\t<\/div>\n\t\t\t\t<div class=\"elementor-element elementor-element-26dbc70 elementor-widget elementor-widget-text-editor\" data-id=\"26dbc70\" data-element_type=\"widget\" data-widget_type=\"text-editor.default\">\n\t\t\t\t<div class=\"elementor-widget-container\">\n\t\t\t\t\t\t\t\t\t<p><span style=\"font-weight: 400;\">J\u00e1 h\u00e1 algum tempo que o cinema nacional tem demonstrado vigor criativo, com visibilidade internacional e um volume constante nas produ\u00e7\u00f5es que s\u00e3o realizadas a cada ano. Mas 2025 tem sido especial para a cinematografia brasileira.\u00a0<\/span><\/p><p><span style=\"font-weight: 400;\">O Oscar vencido por <\/span><i><span style=\"font-weight: 400;\">Ainda Estou Aqui<\/span><\/i><span style=\"font-weight: 400;\">, de Walter Salles, a sua repercuss\u00e3o e sucesso de p\u00fablico, al\u00e9m dos pr\u00eamios no Festival de Berlim conquistado por <\/span><i><span style=\"font-weight: 400;\">O \u00daltimo Azul<\/span><\/i><span style=\"font-weight: 400;\">, de Gabriel Mascaro, e no Festival de Cannes por <\/span><i><span style=\"font-weight: 400;\">O Agente Secreto<\/span><\/i><span style=\"font-weight: 400;\">, de Kleber Mendon\u00e7a Filho \u2013 os dois \u00faltimos pernambucanos \u2013 apenas coroam um ciclo que se fortalece atrav\u00e9s da longa trajet\u00f3ria percorrida at\u00e9 aqui nas \u00faltimas d\u00e9cadas.<\/span><\/p><p><span style=\"font-weight: 400;\">O cinema feito no Nordeste se destaca em um cen\u00e1rio de produ\u00e7\u00e3o cada vez mais descentralizado e diverso. O interior tamb\u00e9m brilha e Vit\u00f3ria da Conquista mostra sua voca\u00e7\u00e3o para o cinema atrav\u00e9s dos filmes de uma nova gera\u00e7\u00e3o de realizadores, frutos do trabalho de forma\u00e7\u00e3o feito pelo curso de Cinema e Audiovisual da Universidade Estadual do Sudoeste da Bahia.<\/span><\/p><p><span style=\"font-weight: 400;\">De olho em tudo isso, a Mostra Cinema Conquista est\u00e1 atenta ao momento atual de ebuli\u00e7\u00e3o e celebra\u00e7\u00e3o de nossa cadeia produtiva. Comemoramos vit\u00f3rias pontuais, mas sobretudo a pot\u00eancia de uma filmografia pulsante em que vislumbramos a identidade e a cultura nacionais, nosso povo, nossos sotaques, nossas batalhas di\u00e1rias e<\/span> <span style=\"font-weight: 400;\">constante alegria.<\/span><\/p><p><span style=\"font-weight: 400;\">A<\/span><b> Mostra Cinema Conquista &#8211; <\/b><b><i>Um olhar para o novo cinema<\/i><\/b><span style=\"font-weight: 400;\"> tem as parcerias do Janela Indiscreta e do Curso de Cinema e Audiovisual da UESB e o apoio institucional da Prefeitura Municipal de Vit\u00f3ria da Conquista, por meio da Secretaria de Cultura e Turismo. A Mostra Cinema Conquista \u00e9 uma realiza\u00e7\u00e3o da Movimenta Cultura e Arte e tem o apoio financeiro do Governo do Estado da Bahia atrav\u00e9s da Secretaria de Cultura via Lei Paulo Gustavo, direcionada pelo Minist\u00e9rio da Cultura, Governo Federal.<\/span><\/p>\t\t\t\t\t\t\t\t<\/div>\n\t\t\t\t<\/div>\n\t\t\t\t\t<\/div>\n\t\t\t\t<\/div>\n\t\t\t\t<\/div>\n\t\t\t\t<\/div>\n\t\t","protected":false},"excerpt":{"rendered":"<p>Mostra Cinema Conquista &#8211; Um olhar para o novo cinema16\u00aa Edi\u00e7\u00e3o J\u00e1 h\u00e1 algum tempo que o cinema nacional tem demonstrado vigor criativo, com visibilidade internacional e um volume constante nas produ\u00e7\u00f5es que s\u00e3o realizadas a cada ano. Mas 2025 tem sido especial para a cinematografia brasileira.\u00a0 O Oscar vencido por Ainda Estou Aqui, de [&hellip;]<\/p>\n","protected":false},"author":1,"featured_media":0,"parent":0,"menu_order":0,"comment_status":"closed","ping_status":"closed","template":"elementor_header_footer","meta":{"footnotes":""},"class_list":["post-830","page","type-page","status-publish","hentry"],"yoast_head":"<!-- This site is optimized with the Yoast SEO plugin v25.8 - https:\/\/yoast.com\/wordpress\/plugins\/seo\/ -->\n<title>Apresenta\u00e7\u00e3o - Mostra Cine Conquista<\/title>\n<meta name=\"robots\" content=\"index, follow, max-snippet:-1, max-image-preview:large, max-video-preview:-1\" \/>\n<link rel=\"canonical\" href=\"https:\/\/mostracineconquista.com.br\/site\/apresentacao\/\" \/>\n<meta property=\"og:locale\" content=\"pt_BR\" \/>\n<meta property=\"og:type\" content=\"article\" \/>\n<meta property=\"og:title\" content=\"Apresenta\u00e7\u00e3o - Mostra Cine Conquista\" \/>\n<meta property=\"og:description\" content=\"Mostra Cinema Conquista &#8211; Um olhar para o novo cinema16\u00aa Edi\u00e7\u00e3o J\u00e1 h\u00e1 algum tempo que o cinema nacional tem demonstrado vigor criativo, com visibilidade internacional e um volume constante nas produ\u00e7\u00f5es que s\u00e3o realizadas a cada ano. Mas 2025 tem sido especial para a cinematografia brasileira.\u00a0 O Oscar vencido por Ainda Estou Aqui, de [&hellip;]\" \/>\n<meta property=\"og:url\" content=\"https:\/\/mostracineconquista.com.br\/site\/apresentacao\/\" \/>\n<meta property=\"og:site_name\" content=\"Mostra Cine Conquista\" \/>\n<meta property=\"article:modified_time\" content=\"2025-09-06T23:27:11+00:00\" \/>\n<meta name=\"twitter:card\" content=\"summary_large_image\" \/>\n<meta name=\"twitter:label1\" content=\"Est. tempo de leitura\" \/>\n\t<meta name=\"twitter:data1\" content=\"2 minutos\" \/>\n<script type=\"application\/ld+json\" class=\"yoast-schema-graph\">{\"@context\":\"https:\/\/schema.org\",\"@graph\":[{\"@type\":\"WebPage\",\"@id\":\"https:\/\/mostracineconquista.com.br\/site\/apresentacao\/\",\"url\":\"https:\/\/mostracineconquista.com.br\/site\/apresentacao\/\",\"name\":\"Apresenta\u00e7\u00e3o - Mostra Cine Conquista\",\"isPartOf\":{\"@id\":\"https:\/\/mostracineconquista.com.br\/site\/#website\"},\"datePublished\":\"2024-06-30T23:26:09+00:00\",\"dateModified\":\"2025-09-06T23:27:11+00:00\",\"breadcrumb\":{\"@id\":\"https:\/\/mostracineconquista.com.br\/site\/apresentacao\/#breadcrumb\"},\"inLanguage\":\"pt-BR\",\"potentialAction\":[{\"@type\":\"ReadAction\",\"target\":[\"https:\/\/mostracineconquista.com.br\/site\/apresentacao\/\"]}]},{\"@type\":\"BreadcrumbList\",\"@id\":\"https:\/\/mostracineconquista.com.br\/site\/apresentacao\/#breadcrumb\",\"itemListElement\":[{\"@type\":\"ListItem\",\"position\":1,\"name\":\"In\u00edcio\",\"item\":\"https:\/\/mostracineconquista.com.br\/site\/\"},{\"@type\":\"ListItem\",\"position\":2,\"name\":\"Apresenta\u00e7\u00e3o\"}]},{\"@type\":\"WebSite\",\"@id\":\"https:\/\/mostracineconquista.com.br\/site\/#website\",\"url\":\"https:\/\/mostracineconquista.com.br\/site\/\",\"name\":\"Mostra Cine Conquista\",\"description\":\"Mostra de Cinema - Um olhar para o novo cinema - Ano 16\",\"publisher\":{\"@id\":\"https:\/\/mostracineconquista.com.br\/site\/#organization\"},\"potentialAction\":[{\"@type\":\"SearchAction\",\"target\":{\"@type\":\"EntryPoint\",\"urlTemplate\":\"https:\/\/mostracineconquista.com.br\/site\/?s={search_term_string}\"},\"query-input\":{\"@type\":\"PropertyValueSpecification\",\"valueRequired\":true,\"valueName\":\"search_term_string\"}}],\"inLanguage\":\"pt-BR\"},{\"@type\":\"Organization\",\"@id\":\"https:\/\/mostracineconquista.com.br\/site\/#organization\",\"name\":\"Mostra Cine Conquista\",\"url\":\"https:\/\/mostracineconquista.com.br\/site\/\",\"logo\":{\"@type\":\"ImageObject\",\"inLanguage\":\"pt-BR\",\"@id\":\"https:\/\/mostracineconquista.com.br\/site\/#\/schema\/logo\/image\/\",\"url\":\"https:\/\/mostracineconquista.com.br\/site\/wp-content\/uploads\/2024\/06\/header-site-atualizado-setembro.jpg\",\"contentUrl\":\"https:\/\/mostracineconquista.com.br\/site\/wp-content\/uploads\/2024\/06\/header-site-atualizado-setembro.jpg\",\"width\":1920,\"height\":1080,\"caption\":\"Mostra Cine Conquista\"},\"image\":{\"@id\":\"https:\/\/mostracineconquista.com.br\/site\/#\/schema\/logo\/image\/\"},\"sameAs\":[\"https:\/\/www.instagram.com\/mostracinemaconquista\/\"]}]}<\/script>\n<!-- \/ Yoast SEO plugin. -->","yoast_head_json":{"title":"Apresenta\u00e7\u00e3o - Mostra Cine Conquista","robots":{"index":"index","follow":"follow","max-snippet":"max-snippet:-1","max-image-preview":"max-image-preview:large","max-video-preview":"max-video-preview:-1"},"canonical":"https:\/\/mostracineconquista.com.br\/site\/apresentacao\/","og_locale":"pt_BR","og_type":"article","og_title":"Apresenta\u00e7\u00e3o - Mostra Cine Conquista","og_description":"Mostra Cinema Conquista &#8211; Um olhar para o novo cinema16\u00aa Edi\u00e7\u00e3o J\u00e1 h\u00e1 algum tempo que o cinema nacional tem demonstrado vigor criativo, com visibilidade internacional e um volume constante nas produ\u00e7\u00f5es que s\u00e3o realizadas a cada ano. Mas 2025 tem sido especial para a cinematografia brasileira.\u00a0 O Oscar vencido por Ainda Estou Aqui, de [&hellip;]","og_url":"https:\/\/mostracineconquista.com.br\/site\/apresentacao\/","og_site_name":"Mostra Cine Conquista","article_modified_time":"2025-09-06T23:27:11+00:00","twitter_card":"summary_large_image","twitter_misc":{"Est. tempo de leitura":"2 minutos"},"schema":{"@context":"https:\/\/schema.org","@graph":[{"@type":"WebPage","@id":"https:\/\/mostracineconquista.com.br\/site\/apresentacao\/","url":"https:\/\/mostracineconquista.com.br\/site\/apresentacao\/","name":"Apresenta\u00e7\u00e3o - Mostra Cine Conquista","isPartOf":{"@id":"https:\/\/mostracineconquista.com.br\/site\/#website"},"datePublished":"2024-06-30T23:26:09+00:00","dateModified":"2025-09-06T23:27:11+00:00","breadcrumb":{"@id":"https:\/\/mostracineconquista.com.br\/site\/apresentacao\/#breadcrumb"},"inLanguage":"pt-BR","potentialAction":[{"@type":"ReadAction","target":["https:\/\/mostracineconquista.com.br\/site\/apresentacao\/"]}]},{"@type":"BreadcrumbList","@id":"https:\/\/mostracineconquista.com.br\/site\/apresentacao\/#breadcrumb","itemListElement":[{"@type":"ListItem","position":1,"name":"In\u00edcio","item":"https:\/\/mostracineconquista.com.br\/site\/"},{"@type":"ListItem","position":2,"name":"Apresenta\u00e7\u00e3o"}]},{"@type":"WebSite","@id":"https:\/\/mostracineconquista.com.br\/site\/#website","url":"https:\/\/mostracineconquista.com.br\/site\/","name":"Mostra Cine Conquista","description":"Mostra de Cinema - Um olhar para o novo cinema - Ano 16","publisher":{"@id":"https:\/\/mostracineconquista.com.br\/site\/#organization"},"potentialAction":[{"@type":"SearchAction","target":{"@type":"EntryPoint","urlTemplate":"https:\/\/mostracineconquista.com.br\/site\/?s={search_term_string}"},"query-input":{"@type":"PropertyValueSpecification","valueRequired":true,"valueName":"search_term_string"}}],"inLanguage":"pt-BR"},{"@type":"Organization","@id":"https:\/\/mostracineconquista.com.br\/site\/#organization","name":"Mostra Cine Conquista","url":"https:\/\/mostracineconquista.com.br\/site\/","logo":{"@type":"ImageObject","inLanguage":"pt-BR","@id":"https:\/\/mostracineconquista.com.br\/site\/#\/schema\/logo\/image\/","url":"https:\/\/mostracineconquista.com.br\/site\/wp-content\/uploads\/2024\/06\/header-site-atualizado-setembro.jpg","contentUrl":"https:\/\/mostracineconquista.com.br\/site\/wp-content\/uploads\/2024\/06\/header-site-atualizado-setembro.jpg","width":1920,"height":1080,"caption":"Mostra Cine Conquista"},"image":{"@id":"https:\/\/mostracineconquista.com.br\/site\/#\/schema\/logo\/image\/"},"sameAs":["https:\/\/www.instagram.com\/mostracinemaconquista\/"]}]}},"_links":{"self":[{"href":"https:\/\/mostracineconquista.com.br\/site\/wp-json\/wp\/v2\/pages\/830","targetHints":{"allow":["GET"]}}],"collection":[{"href":"https:\/\/mostracineconquista.com.br\/site\/wp-json\/wp\/v2\/pages"}],"about":[{"href":"https:\/\/mostracineconquista.com.br\/site\/wp-json\/wp\/v2\/types\/page"}],"author":[{"embeddable":true,"href":"https:\/\/mostracineconquista.com.br\/site\/wp-json\/wp\/v2\/users\/1"}],"replies":[{"embeddable":true,"href":"https:\/\/mostracineconquista.com.br\/site\/wp-json\/wp\/v2\/comments?post=830"}],"version-history":[{"count":10,"href":"https:\/\/mostracineconquista.com.br\/site\/wp-json\/wp\/v2\/pages\/830\/revisions"}],"predecessor-version":[{"id":3350,"href":"https:\/\/mostracineconquista.com.br\/site\/wp-json\/wp\/v2\/pages\/830\/revisions\/3350"}],"wp:attachment":[{"href":"https:\/\/mostracineconquista.com.br\/site\/wp-json\/wp\/v2\/media?parent=830"}],"curies":[{"name":"wp","href":"https:\/\/api.w.org\/{rel}","templated":true}]}}